{"id":2310,"date":"2015-03-13T08:53:34","date_gmt":"2015-03-13T08:53:34","guid":{"rendered":"http:\/\/demo-content.kaliumtheme.com\/main\/?page_id=2310"},"modified":"2024-08-30T16:44:41","modified_gmt":"2024-08-30T14:44:41","slug":"kontakt","status":"publish","type":"page","link":"https:\/\/neustadtarchitekten.de\/en\/kontakt\/","title":{"rendered":"Contact"},"content":{"rendered":"<div class=\"wpb-content-wrapper\"><div class=\"vc-row-container vc-row-container--stretch-content-no-spaces\"><div data-vc-full-width=\"true\" data-vc-full-width-init=\"false\" data-vc-stretch-content=\"true\" class=\"vc_row wpb_row vc_row-fluid vc_row-no-padding\"><div class=\"wpb_column vc_column_container vc_col-sm-12\"><div class=\"vc_column-inner\"><div class=\"wpb_wrapper\"><style> #el_69e36176ad0aa { height: 500px; } <\/style><div class=\"lab-google-map cd-google-map  full-width-container vc_custom_1427896498291\">\n    <div id=\"el_69e36176ad0aa\"><\/div>\n    <div class=\"cd-zoom cd-zoom-in hidden\"><\/div>\n    <div class=\"cd-zoom cd-zoom-out hidden\"><\/div>\n<\/div>\n\n<script type=\"text\/javascript\">\n\tvar labVcMaps = labVcMaps || [];\n\tlabVcMaps.push( {\n\t\tid: 'el_69e36176ad0aa',\n\n\t\tlocations: [{\"marker_image\":\"https:\\\/\\\/neustadtarchitekten.de\\\/wp-content\\\/uploads\\\/2019\\\/04\\\/map-pin.png\",\"retina_marker\":\"yes\",\"latitude\":\"53.555940\",\"longitude\":\"9.916170\",\"marker_title\":\"B\\u00fcro\",\"marker_description\":\"<p>Unser B\\u00fcro<\\\/p>\\n\",\"marker_image_size\":[96,96]}],\n\n\t\tzoom: 13,\n\t\tscrollwheel: false,\n\t\tdropPins: true,\n\t\tpanBy: [0,0],\n\t\ttilt: 0,\n\t\theading: 0,\n\n\t\tmapType: 'roadmap',\n\n\t\tpanControl: false,\n\t\tzoomControl: false,\n\t\tmapTypeControl: false,\n\t\tscaleControl: false,\n\t\tstreetViewControl: false,\n\t\toverviewMapContro: false,\n\t\tplusMinusZoom: true,\n\t\tfullscreenControl: false,\n\n\n\t\tstyles: [{\"featureType\":\"administrative\",\"elementType\":\"labels.text.fill\",\"stylers\":[{\"color\":\"#444444\"}]},{\"featureType\":\"landscape\",\"elementType\":\"all\",\"stylers\":[{\"color\":\"#f2f2f2\"}]},{\"featureType\":\"poi\",\"elementType\":\"all\",\"stylers\":[{\"visibility\":\"off\"}]},{\"featureType\":\"road\",\"elementType\":\"all\",\"stylers\":[{\"saturation\":-100},{\"lightness\":45}]},{\"featureType\":\"road.highway\",\"elementType\":\"all\",\"stylers\":[{\"visibility\":\"simplified\"}]},{\"featureType\":\"road.arterial\",\"elementType\":\"labels.icon\",\"stylers\":[{\"visibility\":\"off\"}]},{\"featureType\":\"transit\",\"elementType\":\"all\",\"stylers\":[{\"visibility\":\"off\"}]},{\"featureType\":\"water\",\"elementType\":\"all\",\"stylers\":[{\"color\":\"#27B09E\"},{\"visibility\":\"on\"}]}]\t} );\n<\/script><\/div><\/div><\/div><\/div><div class=\"vc_row-full-width vc_clearfix\"><\/div><\/div><div class=\"vc-row-container container\"><div class=\"vc_row wpb_row vc_row-fluid\"><div class=\"wpb_column vc_column_container vc_col-sm-4\"><div class=\"vc_column-inner\"><div class=\"wpb_wrapper\">\n\t<div class=\"wpb_text_column wpb_content_element  post-formatting\" >\n\t\t<div class=\"wpb_wrapper\">\n\t\t\t<h3>Kontaktieren Sie uns.<\/h3>\n<p>Schreiben Sie uns eine Nachricht \u00fcber das Formular, senden Sie uns eine E-Mail an<br \/>\n<a href=\"mailto:mail@neustadtarchitekten.de\">mail@neustadtarchitekten.de<\/a><br \/>\noder rufen Sie uns an unter<br \/>\n+49 40 85 15 02 30<\/p>\n\n\t\t<\/div>\n\t<\/div>\n\n\t<div class=\"wpb_text_column wpb_content_element  post-formatting\" >\n\t\t<div class=\"wpb_wrapper\">\n\t\t\t<h3>Our adress.<\/h3>\n<p>NEUSTADTARCHITEKTEN<br \/>\nR\u00f6hrigstra\u00dfe 11<br \/>\n22763 Hamburg<br \/>\nGermany<\/p>\n\n\t\t<\/div>\n\t<\/div>\n<\/div><\/div><\/div><div class=\"wpb_column vc_column_container vc_col-sm-8\"><div class=\"vc_column-inner\"><div class=\"wpb_wrapper\"><\/div><\/div><\/div><\/div><\/div>\n<\/div>","protected":false},"excerpt":{"rendered":"Kontaktieren Sie uns. Schreiben Sie uns eine Nachricht \u00fcber das Formular, senden Sie uns eine E-Mail an mail@neustadtarchitekten.de oder rufen Sie uns an unter +49 40 85 15 02 30 Unsere Adresse. NEUSTADTARCHITEKTEN R\u00f6hrigstra\u00dfe 11 22763 Hamburg Deutschland","protected":false},"author":1,"featured_media":0,"parent":0,"menu_order":0,"comment_status":"open","ping_status":"open","template":"","meta":{"footnotes":""},"class_list":["post-2310","page","type-page","status-publish","hentry"],"acf":[],"yoast_head":"<!-- This site is optimized with the Yoast SEO plugin v25.3 - https:\/\/yoast.com\/wordpress\/plugins\/seo\/ -->\n<title>Neustadtarchitekten Architekturb\u00fcro Kontakt<\/title>\n<meta name=\"description\" content=\"Architekturb\u00fcro Neustadtarchitekten, R\u00f6hrigstr. 11, 22763 Hamburg Ottensen, Tel. 040 - 85 15 02 30, mail@neustadtarchitekten.de\" \/>\n<meta name=\"robots\" content=\"index, follow, max-snippet:-1, max-image-preview:large, max-video-preview:-1\" \/>\n<link rel=\"canonical\" href=\"https:\/\/neustadtarchitekten.de\/en\/kontakt\/\" \/>\n<meta property=\"og:locale\" content=\"en_US\" \/>\n<meta property=\"og:type\" content=\"article\" \/>\n<meta property=\"og:title\" content=\"Neustadtarchitekten Architekturb\u00fcro Kontakt\" \/>\n<meta property=\"og:description\" content=\"Architekturb\u00fcro Neustadtarchitekten, R\u00f6hrigstr. 11, 22763 Hamburg Ottensen, Tel. 040 - 85 15 02 30, mail@neustadtarchitekten.de\" \/>\n<meta property=\"og:url\" content=\"https:\/\/neustadtarchitekten.de\/en\/kontakt\/\" \/>\n<meta property=\"og:site_name\" content=\"Neustadtarchitekten\" \/>\n<meta property=\"article:publisher\" content=\"https:\/\/www.facebook.com\/Neustadtarchitekten-282231286044257\" \/>\n<meta property=\"article:modified_time\" content=\"2024-08-30T14:44:41+00:00\" \/>\n<meta name=\"twitter:card\" content=\"summary_large_image\" \/>\n<meta name=\"twitter:label1\" content=\"Est. reading time\" \/>\n\t<meta name=\"twitter:data1\" content=\"1 minute\" \/>\n<script type=\"application\/ld+json\" class=\"yoast-schema-graph\">{\"@context\":\"https:\/\/schema.org\",\"@graph\":[{\"@type\":\"WebPage\",\"@id\":\"https:\/\/neustadtarchitekten.de\/kontakt\/\",\"url\":\"https:\/\/neustadtarchitekten.de\/kontakt\/\",\"name\":\"Neustadtarchitekten Architekturb\u00fcro Kontakt\",\"isPartOf\":{\"@id\":\"https:\/\/neustadtarchitekten.de\/#website\"},\"datePublished\":\"2015-03-13T08:53:34+00:00\",\"dateModified\":\"2024-08-30T14:44:41+00:00\",\"description\":\"Architekturb\u00fcro Neustadtarchitekten, R\u00f6hrigstr. 11, 22763 Hamburg Ottensen, Tel. 040 - 85 15 02 30, mail@neustadtarchitekten.de\",\"breadcrumb\":{\"@id\":\"https:\/\/neustadtarchitekten.de\/kontakt\/#breadcrumb\"},\"inLanguage\":\"en-US\",\"potentialAction\":[{\"@type\":\"ReadAction\",\"target\":[\"https:\/\/neustadtarchitekten.de\/kontakt\/\"]}]},{\"@type\":\"BreadcrumbList\",\"@id\":\"https:\/\/neustadtarchitekten.de\/kontakt\/#breadcrumb\",\"itemListElement\":[{\"@type\":\"ListItem\",\"position\":1,\"name\":\"Startseite\",\"item\":\"https:\/\/neustadtarchitekten.de\/\"},{\"@type\":\"ListItem\",\"position\":2,\"name\":\"Kontakt\"}]},{\"@type\":\"WebSite\",\"@id\":\"https:\/\/neustadtarchitekten.de\/#website\",\"url\":\"https:\/\/neustadtarchitekten.de\/\",\"name\":\"Neustadtarchitekten\",\"description\":\"Projekte und Aktuelles aus unserem Architekturb\u00fcro\",\"potentialAction\":[{\"@type\":\"SearchAction\",\"target\":{\"@type\":\"EntryPoint\",\"urlTemplate\":\"https:\/\/neustadtarchitekten.de\/?s={search_term_string}\"},\"query-input\":{\"@type\":\"PropertyValueSpecification\",\"valueRequired\":true,\"valueName\":\"search_term_string\"}}],\"inLanguage\":\"en-US\"}]}<\/script>\n<!-- \/ Yoast SEO plugin. -->","yoast_head_json":{"title":"Neustadtarchitekten Architekturb\u00fcro Kontakt","description":"Architekturb\u00fcro Neustadtarchitekten, R\u00f6hrigstr. 11, 22763 Hamburg Ottensen, Tel. 040 - 85 15 02 30, mail@neustadtarchitekten.de","robots":{"index":"index","follow":"follow","max-snippet":"max-snippet:-1","max-image-preview":"max-image-preview:large","max-video-preview":"max-video-preview:-1"},"canonical":"https:\/\/neustadtarchitekten.de\/en\/kontakt\/","og_locale":"en_US","og_type":"article","og_title":"Neustadtarchitekten Architekturb\u00fcro Kontakt","og_description":"Architekturb\u00fcro Neustadtarchitekten, R\u00f6hrigstr. 11, 22763 Hamburg Ottensen, Tel. 040 - 85 15 02 30, mail@neustadtarchitekten.de","og_url":"https:\/\/neustadtarchitekten.de\/en\/kontakt\/","og_site_name":"Neustadtarchitekten","article_publisher":"https:\/\/www.facebook.com\/Neustadtarchitekten-282231286044257","article_modified_time":"2024-08-30T14:44:41+00:00","twitter_card":"summary_large_image","twitter_misc":{"Est. reading time":"1 minute"},"schema":{"@context":"https:\/\/schema.org","@graph":[{"@type":"WebPage","@id":"https:\/\/neustadtarchitekten.de\/kontakt\/","url":"https:\/\/neustadtarchitekten.de\/kontakt\/","name":"Neustadtarchitekten Architekturb\u00fcro Kontakt","isPartOf":{"@id":"https:\/\/neustadtarchitekten.de\/#website"},"datePublished":"2015-03-13T08:53:34+00:00","dateModified":"2024-08-30T14:44:41+00:00","description":"Architekturb\u00fcro Neustadtarchitekten, R\u00f6hrigstr. 11, 22763 Hamburg Ottensen, Tel. 040 - 85 15 02 30, mail@neustadtarchitekten.de","breadcrumb":{"@id":"https:\/\/neustadtarchitekten.de\/kontakt\/#breadcrumb"},"inLanguage":"en-US","potentialAction":[{"@type":"ReadAction","target":["https:\/\/neustadtarchitekten.de\/kontakt\/"]}]},{"@type":"BreadcrumbList","@id":"https:\/\/neustadtarchitekten.de\/kontakt\/#breadcrumb","itemListElement":[{"@type":"ListItem","position":1,"name":"Startseite","item":"https:\/\/neustadtarchitekten.de\/"},{"@type":"ListItem","position":2,"name":"Kontakt"}]},{"@type":"WebSite","@id":"https:\/\/neustadtarchitekten.de\/#website","url":"https:\/\/neustadtarchitekten.de\/","name":"Neustadtarchitekten","description":"Projekte und Aktuelles aus unserem Architekturb\u00fcro","potentialAction":[{"@type":"SearchAction","target":{"@type":"EntryPoint","urlTemplate":"https:\/\/neustadtarchitekten.de\/?s={search_term_string}"},"query-input":{"@type":"PropertyValueSpecification","valueRequired":true,"valueName":"search_term_string"}}],"inLanguage":"en-US"}]}},"_links":{"self":[{"href":"https:\/\/neustadtarchitekten.de\/en\/wp-json\/wp\/v2\/pages\/2310","targetHints":{"allow":["GET"]}}],"collection":[{"href":"https:\/\/neustadtarchitekten.de\/en\/wp-json\/wp\/v2\/pages"}],"about":[{"href":"https:\/\/neustadtarchitekten.de\/en\/wp-json\/wp\/v2\/types\/page"}],"author":[{"embeddable":true,"href":"https:\/\/neustadtarchitekten.de\/en\/wp-json\/wp\/v2\/users\/1"}],"replies":[{"embeddable":true,"href":"https:\/\/neustadtarchitekten.de\/en\/wp-json\/wp\/v2\/comments?post=2310"}],"version-history":[{"count":15,"href":"https:\/\/neustadtarchitekten.de\/en\/wp-json\/wp\/v2\/pages\/2310\/revisions"}],"predecessor-version":[{"id":8024,"href":"https:\/\/neustadtarchitekten.de\/en\/wp-json\/wp\/v2\/pages\/2310\/revisions\/8024"}],"wp:attachment":[{"href":"https:\/\/neustadtarchitekten.de\/en\/wp-json\/wp\/v2\/media?parent=2310"}],"curies":[{"name":"wp","href":"https:\/\/api.w.org\/{rel}","templated":true}]}}