{"id":2359,"date":"2015-03-13T11:22:09","date_gmt":"2015-03-13T11:22:09","guid":{"rendered":"http:\/\/demo-content.kaliumtheme.com\/main\/?page_id=2359"},"modified":"2023-11-11T18:07:50","modified_gmt":"2023-11-11T17:07:50","slug":"leistungen","status":"publish","type":"page","link":"https:\/\/neustadtarchitekten.de\/en\/leistungen\/","title":{"rendered":"Leistungen"},"content":{"rendered":"<div class=\"wpb-content-wrapper\"><div class=\"vc-row-container container\"><div class=\"vc_row wpb_row vc_row-fluid\"><div class=\"wpb_column vc_column_container vc_col-sm-12\"><div class=\"vc_column-inner\"><div class=\"wpb_wrapper\"><div class=\"section-title\">\n    <h1>services.<\/h1>\n<p>Neustadtarchitekten stands for building sustainable and ecofriendly - well assessed\u00a0<br \/>\nAs a well orchestrated team we strive for innovative and economical solutions.<br \/>\nOur architecture is as individual as our clients.<br \/>\nTogether we are designing answers for peoples diverse needs in complex urban surroundings.<\/p>\n<\/div><\/div><\/div><\/div><\/div><\/div><div class=\"vc-row-container container\"><div class=\"vc_row wpb_row vc_row-fluid vc_custom_1449173575424\"><div class=\"no-margin-desktop wpb_column vc_column_container vc_col-sm-6\"><div class=\"vc_column-inner vc_custom_1504614963272\"><div class=\"wpb_wrapper\">\n\t<div  class=\"wpb_single_image wpb_content_element vc_align_left  vc_custom_1560242104902\">\n\t\t\n\t\t<figure class=\"wpb_wrapper vc_figure\">\n\t\t\t<div class=\"vc_single_image-wrapper   vc_box_border_grey\"><img loading=\"lazy\" decoding=\"async\" width=\"1900\" height=\"1500\" src=\"https:\/\/neustadtarchitekten.de\/wp-content\/uploads\/2019\/03\/Klimaschutzsdlg-Neustadtarchitekten-2.jpg\" class=\"vc_single_image-img attachment-full\" alt=\"Blick auf den Durchgang der Klimaschutzsiedlung\" title=\"Klimaschutzsiedlung Durchgang\" srcset=\"https:\/\/neustadtarchitekten.de\/wp-content\/uploads\/2019\/03\/Klimaschutzsdlg-Neustadtarchitekten-2.jpg 1900w, https:\/\/neustadtarchitekten.de\/wp-content\/uploads\/2019\/03\/Klimaschutzsdlg-Neustadtarchitekten-2-300x237.jpg 300w, https:\/\/neustadtarchitekten.de\/wp-content\/uploads\/2019\/03\/Klimaschutzsdlg-Neustadtarchitekten-2-768x606.jpg 768w, https:\/\/neustadtarchitekten.de\/wp-content\/uploads\/2019\/03\/Klimaschutzsdlg-Neustadtarchitekten-2-1024x808.jpg 1024w, https:\/\/neustadtarchitekten.de\/wp-content\/uploads\/2019\/03\/Klimaschutzsdlg-Neustadtarchitekten-2-1612x1273.jpg 1612w, https:\/\/neustadtarchitekten.de\/wp-content\/uploads\/2019\/03\/Klimaschutzsdlg-Neustadtarchitekten-2-1116x881.jpg 1116w, https:\/\/neustadtarchitekten.de\/wp-content\/uploads\/2019\/03\/Klimaschutzsdlg-Neustadtarchitekten-2-806x636.jpg 806w, https:\/\/neustadtarchitekten.de\/wp-content\/uploads\/2019\/03\/Klimaschutzsdlg-Neustadtarchitekten-2-558x441.jpg 558w, https:\/\/neustadtarchitekten.de\/wp-content\/uploads\/2019\/03\/Klimaschutzsdlg-Neustadtarchitekten-2-655x517.jpg 655w\" sizes=\"auto, (max-width: 1900px) 100vw, 1900px\" \/><\/div>\n\t\t<\/figure>\n\t<\/div>\n<\/div><\/div><\/div><div class=\"wpb_column vc_column_container vc_col-sm-6\"><div class=\"vc_column-inner vc_custom_1426247184186\"><div class=\"wpb_wrapper\"><div class=\"icon-box-container  vc_custom_1426246489664\">\n\t\n\t<div class=\"vc_icon_element vc_icon_element-outer vc_icon_element-align-left\"><div class=\"vc_icon_element-inner vc_icon_element-color-black vc_icon_element-size-lg vc_icon_element-style- vc_icon_element-background-color-grey\" ><span class=\"vc_icon_element-icon icon-basic-link\" ><\/span><\/div><\/div><div class=\"icon-box-content text-alignment-left\">\n    <h3>\n\t\t\t\t\tclients.\t\t    <\/h3>\n\n    <div class=\"box-content-p\">\n\t\t<p class=\"translation-block\">\u2022 Companies and Firms<br>\n\u2022 Co Building groups<br>\n\u2022 Kindergarden\u00a0<br>\n\u2022 Private clients\u00a0<br>\n\u2022 Federal Institutions\u00a0<br>\n\u2022 Project developers<br>\n\u2022 Social\/cultural institutions<br><\/p>\n    <\/div>\n<\/div><div class=\"icon-box-content text-alignment-left  n-link-title\">\n    <h3>\n\t\t            <a href=\"http:\/\/neustadtarchitekten.de\/en\/baugemeinschaften\/\" title=\"Baugemeinschaften\" target=\"\">Besuchen Sie unsere Seite zum Thema Baugemeinschaften<\/a>\n\t\t    <\/h3>\n\n    <div class=\"box-content-p\">\n\t\t    <\/div>\n<\/div>\t\n<\/div><\/div><\/div><\/div><\/div><\/div><div class=\"vc-row-container container\"><div class=\"vc_row wpb_row vc_row-fluid vc_custom_1449173593554\"><div class=\"wpb_column vc_column_container vc_col-sm-6\"><div class=\"vc_column-inner\"><div class=\"wpb_wrapper\"><div class=\"icon-box-container  vc_custom_1426246508339\">\n\t\n\t<div class=\"vc_icon_element vc_icon_element-outer vc_icon_element-align-left\"><div class=\"vc_icon_element-inner vc_icon_element-color-black vc_icon_element-size-lg vc_icon_element-style- vc_icon_element-background-color-grey\" ><span class=\"vc_icon_element-icon icon-basic-pencil-ruler\" ><\/span><\/div><\/div><div class=\"icon-box-content text-alignment-left\">\n    <h3>\n\t\t\t\t\tservices.\t\t    <\/h3>\n\n    <div class=\"box-content-p\">\n\t\t<p>\u2022 Studien und Konzepte<br \/>\n\u2022 Architektur Leistungsphasen 1-9<br \/>\n\u2022 BIM Planung (Building Information Modeling)<br \/>\n\u2022 Wettbewerbe<br \/>\n\u2022 Energetische Fachplanung<br \/>\n\u2022 Energieberatung<br \/>\n\u2022 GEG-Nachweis<br \/>\n\u2022 W\u00e4rmebr\u00fcckenberechnung<br \/>\n\u2022 Lebenzyklusbetrachtungen<\/p>\n    <\/div>\n<\/div>\t\n<\/div><\/div><\/div><\/div><div class=\"no-margin-desktop wpb_column vc_column_container vc_col-sm-6\"><div class=\"vc_column-inner vc_custom_1504614960338\"><div class=\"wpb_wrapper\">\n\t<div  class=\"wpb_single_image wpb_content_element vc_align_left  vc_custom_1560242115856\">\n\t\t\n\t\t<figure class=\"wpb_wrapper vc_figure\">\n\t\t\t<div class=\"vc_single_image-wrapper   vc_box_border_grey\"><img loading=\"lazy\" decoding=\"async\" width=\"1900\" height=\"1500\" src=\"https:\/\/neustadtarchitekten.de\/wp-content\/uploads\/2019\/03\/Detail.jpg\" class=\"vc_single_image-img attachment-full\" alt=\"Villa Friedrichsberg Detail\" title=\"Villa Friedrichsberg Detail\" srcset=\"https:\/\/neustadtarchitekten.de\/wp-content\/uploads\/2019\/03\/Detail.jpg 1900w, https:\/\/neustadtarchitekten.de\/wp-content\/uploads\/2019\/03\/Detail-300x237.jpg 300w, https:\/\/neustadtarchitekten.de\/wp-content\/uploads\/2019\/03\/Detail-768x606.jpg 768w, https:\/\/neustadtarchitekten.de\/wp-content\/uploads\/2019\/03\/Detail-1024x808.jpg 1024w, https:\/\/neustadtarchitekten.de\/wp-content\/uploads\/2019\/03\/Detail-1612x1273.jpg 1612w, https:\/\/neustadtarchitekten.de\/wp-content\/uploads\/2019\/03\/Detail-1116x881.jpg 1116w, https:\/\/neustadtarchitekten.de\/wp-content\/uploads\/2019\/03\/Detail-806x636.jpg 806w, https:\/\/neustadtarchitekten.de\/wp-content\/uploads\/2019\/03\/Detail-558x441.jpg 558w, https:\/\/neustadtarchitekten.de\/wp-content\/uploads\/2019\/03\/Detail-655x517.jpg 655w, https:\/\/neustadtarchitekten.de\/wp-content\/uploads\/2019\/03\/Detail-600x474.jpg 600w\" sizes=\"auto, (max-width: 1900px) 100vw, 1900px\" \/><\/div>\n\t\t<\/figure>\n\t<\/div>\n<\/div><\/div><\/div><\/div><\/div><div class=\"vc-row-container container\"><div class=\"vc_row wpb_row vc_row-fluid vc_custom_1426246390316\"><div class=\"no-margin-desktop wpb_column vc_column_container vc_col-sm-6\"><div class=\"vc_column-inner vc_custom_1504614965762\"><div class=\"wpb_wrapper\">\n\t<div  class=\"wpb_single_image wpb_content_element vc_align_left\">\n\t\t\n\t\t<figure class=\"wpb_wrapper vc_figure\">\n\t\t\t<div class=\"vc_single_image-wrapper   vc_box_border_grey\"><img loading=\"lazy\" decoding=\"async\" width=\"3498\" height=\"2915\" src=\"https:\/\/neustadtarchitekten.de\/wp-content\/uploads\/2019\/03\/Sophienallee-Slider-60.jpg\" class=\"vc_single_image-img attachment-full\" alt=\"\" title=\"Sophienallee-Slider-60\" srcset=\"https:\/\/neustadtarchitekten.de\/wp-content\/uploads\/2019\/03\/Sophienallee-Slider-60.jpg 3498w, https:\/\/neustadtarchitekten.de\/wp-content\/uploads\/2019\/03\/Sophienallee-Slider-60-300x250.jpg 300w, https:\/\/neustadtarchitekten.de\/wp-content\/uploads\/2019\/03\/Sophienallee-Slider-60-768x640.jpg 768w, https:\/\/neustadtarchitekten.de\/wp-content\/uploads\/2019\/03\/Sophienallee-Slider-60-1024x853.jpg 1024w, https:\/\/neustadtarchitekten.de\/wp-content\/uploads\/2019\/03\/Sophienallee-Slider-60-1612x1343.jpg 1612w, https:\/\/neustadtarchitekten.de\/wp-content\/uploads\/2019\/03\/Sophienallee-Slider-60-1116x930.jpg 1116w, https:\/\/neustadtarchitekten.de\/wp-content\/uploads\/2019\/03\/Sophienallee-Slider-60-806x672.jpg 806w, https:\/\/neustadtarchitekten.de\/wp-content\/uploads\/2019\/03\/Sophienallee-Slider-60-558x465.jpg 558w, https:\/\/neustadtarchitekten.de\/wp-content\/uploads\/2019\/03\/Sophienallee-Slider-60-655x546.jpg 655w\" sizes=\"auto, (max-width: 3498px) 100vw, 3498px\" \/><\/div>\n\t\t<\/figure>\n\t<\/div>\n<\/div><\/div><\/div><div class=\"wpb_column vc_column_container vc_col-sm-6\"><div class=\"vc_column-inner\"><div class=\"wpb_wrapper\"><div class=\"icon-box-container  vc_custom_1426246531346\">\n\t\n\t<div class=\"vc_icon_element vc_icon_element-outer vc_icon_element-align-left\"><div class=\"vc_icon_element-inner vc_icon_element-color-black vc_icon_element-size-lg vc_icon_element-style- vc_icon_element-background-color-grey\" ><span class=\"vc_icon_element-icon icon-basic-lightbulb\" ><\/span><\/div><\/div><div class=\"icon-box-content text-alignment-left\">\n    <h3>\n\t\t\t\t\tcompetencies.\t\t    <\/h3>\n\n    <div class=\"box-content-p\">\n\t\t<p class=\"translation-block\">\u2022 timber and hybrid constructions<br>\n\u2022 passivhaus<br>\n\u2022 controlling co-building groups<br><\/p>\n    <\/div>\n<\/div>\t\n<\/div><\/div><\/div><\/div><\/div><\/div><div class=\"vc-row-container container\"><div class=\"vc_row wpb_row vc_row-fluid\"><div class=\"wpb_column vc_column_container vc_col-sm-6\"><div class=\"vc_column-inner\"><div class=\"wpb_wrapper\"><div class=\"icon-box-container  vc_custom_1426246531346\">\n\t\n\t<div class=\"vc_icon_element vc_icon_element-outer vc_icon_element-align-left\"><div class=\"vc_icon_element-inner vc_icon_element-color-black vc_icon_element-size-lg vc_icon_element-style- vc_icon_element-background-color-grey\" ><span class=\"vc_icon_element-icon icon-basic-star\" ><\/span><\/div><\/div><div class=\"icon-box-content text-alignment-left\">\n    <h3>\n\t\t\t\t\tcertification + memberships\t\t    <\/h3>\n\n    <div class=\"box-content-p\">\n\t\t<p>\u2022 Architektenkammer Hamburg<br \/>\n\u2022 Energieeffizienzexperten DENA \/ KfW<br \/>\n\u2022 Energieberater gem. BAFA-Richtlinie<br \/>\n\u2022 QS-Energie, IFB Hamburg<br \/>\n\u2022 Certified ARCHICAD BIM Manager<br \/>\n\u2022 Phase Nachhaltigkeit des DGNB<br \/>\n\u2022 IG-Passivhaus<br \/>\n\u2022 TRIAS-Stiftung<br \/>\n\u2022 Netzwerk PIA<br \/>\n\u2022 BIM Allianz<br \/>\n\u2022 BIM HUB Hamburg<\/p>\n    <\/div>\n<\/div>\t\n<\/div><\/div><\/div><\/div><div class=\"wpb_column vc_column_container vc_col-sm-6\"><div class=\"vc_column-inner\"><div class=\"wpb_wrapper\">\n\t<div  class=\"wpb_single_image wpb_content_element vc_align_left\">\n\t\t\n\t\t<figure class=\"wpb_wrapper vc_figure\">\n\t\t\t<div class=\"vc_single_image-wrapper   vc_box_border_grey\"><img loading=\"lazy\" decoding=\"async\" width=\"1900\" height=\"1500\" src=\"https:\/\/neustadtarchitekten.de\/wp-content\/uploads\/2019\/03\/Gartenseite.jpg\" class=\"vc_single_image-img attachment-full\" alt=\"\" title=\"Gartenseite\" srcset=\"https:\/\/neustadtarchitekten.de\/wp-content\/uploads\/2019\/03\/Gartenseite.jpg 1900w, https:\/\/neustadtarchitekten.de\/wp-content\/uploads\/2019\/03\/Gartenseite-300x237.jpg 300w, https:\/\/neustadtarchitekten.de\/wp-content\/uploads\/2019\/03\/Gartenseite-768x606.jpg 768w, https:\/\/neustadtarchitekten.de\/wp-content\/uploads\/2019\/03\/Gartenseite-1024x808.jpg 1024w, https:\/\/neustadtarchitekten.de\/wp-content\/uploads\/2019\/03\/Gartenseite-1612x1273.jpg 1612w, https:\/\/neustadtarchitekten.de\/wp-content\/uploads\/2019\/03\/Gartenseite-1116x881.jpg 1116w, https:\/\/neustadtarchitekten.de\/wp-content\/uploads\/2019\/03\/Gartenseite-806x636.jpg 806w, https:\/\/neustadtarchitekten.de\/wp-content\/uploads\/2019\/03\/Gartenseite-558x441.jpg 558w, https:\/\/neustadtarchitekten.de\/wp-content\/uploads\/2019\/03\/Gartenseite-655x517.jpg 655w, https:\/\/neustadtarchitekten.de\/wp-content\/uploads\/2019\/03\/Gartenseite-600x474.jpg 600w\" sizes=\"auto, (max-width: 1900px) 100vw, 1900px\" \/><\/div>\n\t\t<\/figure>\n\t<\/div>\n<\/div><\/div><\/div><\/div><\/div><div class=\"vc-row-container container\"><div class=\"vc_row wpb_row vc_row-fluid vc_custom_1426246390316\"><div class=\"no-margin-desktop wpb_column vc_column_container vc_col-sm-6\"><div class=\"vc_column-inner vc_custom_1504614965762\"><div class=\"wpb_wrapper\">\n\t<div  class=\"wpb_single_image wpb_content_element vc_align_left\">\n\t\t\n\t\t<figure class=\"wpb_wrapper vc_figure\">\n\t\t\t<div class=\"vc_single_image-wrapper   vc_box_border_grey\"><img loading=\"lazy\" decoding=\"async\" width=\"950\" height=\"1500\" src=\"https:\/\/neustadtarchitekten.de\/wp-content\/uploads\/2019\/02\/R\u00fcckseite.jpg\" class=\"vc_single_image-img attachment-full\" alt=\"\" title=\"R\u00fcckseite\" srcset=\"https:\/\/neustadtarchitekten.de\/wp-content\/uploads\/2019\/02\/R\u00fcckseite.jpg 950w, https:\/\/neustadtarchitekten.de\/wp-content\/uploads\/2019\/02\/R\u00fcckseite-190x300.jpg 190w, https:\/\/neustadtarchitekten.de\/wp-content\/uploads\/2019\/02\/R\u00fcckseite-768x1213.jpg 768w, https:\/\/neustadtarchitekten.de\/wp-content\/uploads\/2019\/02\/R\u00fcckseite-649x1024.jpg 649w, https:\/\/neustadtarchitekten.de\/wp-content\/uploads\/2019\/02\/R\u00fcckseite-806x1273.jpg 806w, https:\/\/neustadtarchitekten.de\/wp-content\/uploads\/2019\/02\/R\u00fcckseite-558x881.jpg 558w, https:\/\/neustadtarchitekten.de\/wp-content\/uploads\/2019\/02\/R\u00fcckseite-655x1034.jpg 655w, https:\/\/neustadtarchitekten.de\/wp-content\/uploads\/2019\/02\/R\u00fcckseite-600x947.jpg 600w\" sizes=\"auto, (max-width: 950px) 100vw, 950px\" \/><\/div>\n\t\t<\/figure>\n\t<\/div>\n<\/div><\/div><\/div><div class=\"wpb_column vc_column_container vc_col-sm-6\"><div class=\"vc_column-inner\"><div class=\"wpb_wrapper\"><div class=\"icon-box-container  vc_custom_1426246531346\">\n\t\n\t<div class=\"vc_icon_element vc_icon_element-outer vc_icon_element-align-left\"><div class=\"vc_icon_element-inner vc_icon_element-color-black vc_icon_element-size-lg vc_icon_element-style- vc_icon_element-background-color-grey\" ><span class=\"vc_icon_element-icon icon-basic-anchor\" ><\/span><\/div><\/div><div class=\"icon-box-content text-alignment-left\">\n    <h3>\n\t\t\t\t\toffice history.\t\t    <\/h3>\n\n    <div class=\"box-content-p\">\n\t\t<p>\u2022 1999 founding of Neustadtarchitekten as Diesing Bulla GbR by Iris Bulla and Petra Diesing<\/p>\n<p>\u2022 first office spaces were located in Hamburgs district Neustadt - lending the practice its name<\/p>\n<p>\u2022 2000 Umzug in die R\u00f6hrigstra\u00dfe, Hamburg-Altona<\/p>\n<p>\u2022 2005 2. prize competition Klimaschutzsiedlung<\/p>\n<p>\u2022 2005 1. prize competition Haus am Ring, K\u00f6ln<\/p>\n<p>\u2022 2008 1.  prize competition co-building Sophienallee<\/p>\n<p>\u2022 2011 1. prize competition Kindergarten Bachstra\u00dfe<\/p>\n<p>\u2022 2013 1. prize competition residential project Nachbarschaft+, Stade<\/p>\n<p>\u2022 2014 the end of Diesing Bulla GbR<\/p>\n<p>\u2022 2015 Neustadtarchitekten, Petra Diesing<\/p>\n<p>\u2022 2018 2nd round competition firestation Brunsb\u00fcttel-S\u00fcd<\/p>\n<p>\u2022 2018 honorable mention mixed-use quarter M\u00fcnchberg<\/p>\n<p>\u2022 2019 4th prize competition Dietrich Bonhoeffer high-school Wiehl<\/p>\n<p>\u2022 2022 3. Preis Wettbewerb Ansgar to Huus, Hamburg<\/p>\n<p>\u2022 2023 1. Platz Gr\u00fcne Hausnummer, Plusenergiegeb\u00e4ude Teichstr., Stade<\/p>\n    <\/div>\n<\/div>\t\n<\/div><\/div><\/div><\/div><\/div><\/div>\n<\/div>","protected":false},"excerpt":{"rendered":"Leistungen. Neustadtarchitekten steht f\u00fcr nachhaltiges und energieeffizientes Bauen - mit Augenma\u00df Als gut eingespieltes Team setzen wir dabei auf innovative und wirtschaftliche Bauweisen mit attraktiver Gestaltung. Unsere Architektur ist so individuell wie unsere Auftraggeber. Wir finden moderne L\u00f6sungen f\u00fcr Menschen und deren Lebens- und Arbeitsmodelle im komplexen urbanen Umfeld. Auftraggeber. \u2022 Baugemeinschaften \u2022 Wohnungsbaugesellschaften \u2022&hellip;","protected":false},"author":1,"featured_media":0,"parent":0,"menu_order":0,"comment_status":"open","ping_status":"open","template":"","meta":{"footnotes":""},"class_list":["post-2359","page","type-page","status-publish","hentry"],"acf":[],"yoast_head":"<!-- This site is optimized with the Yoast SEO plugin v25.3 - https:\/\/yoast.com\/wordpress\/plugins\/seo\/ -->\n<title>Neustadtarchitekten Architekturb\u00fcro Hamburg Profil<\/title>\n<meta name=\"description\" content=\"Neustadtarchitekten, ein Architekturb\u00fcro in Hamburg plant attraktive Geb\u00e4ude - nachhaltig und energieeffizient mit BIM, gepaart mit innovativer-wirtschaftlicher Bauweise.\" \/>\n<meta name=\"robots\" content=\"index, follow, max-snippet:-1, max-image-preview:large, max-video-preview:-1\" \/>\n<link rel=\"canonical\" href=\"https:\/\/neustadtarchitekten.de\/en\/leistungen\/\" \/>\n<meta property=\"og:locale\" content=\"en_US\" \/>\n<meta property=\"og:type\" content=\"article\" \/>\n<meta property=\"og:title\" content=\"Neustadtarchitekten Architekturb\u00fcro Hamburg Profil\" \/>\n<meta property=\"og:description\" content=\"Neustadtarchitekten, ein Architekturb\u00fcro in Hamburg plant attraktive Geb\u00e4ude - nachhaltig und energieeffizient mit BIM, gepaart mit innovativer-wirtschaftlicher Bauweise.\" \/>\n<meta property=\"og:url\" content=\"https:\/\/neustadtarchitekten.de\/en\/leistungen\/\" \/>\n<meta property=\"og:site_name\" content=\"Neustadtarchitekten\" \/>\n<meta property=\"article:publisher\" content=\"https:\/\/www.facebook.com\/Neustadtarchitekten-282231286044257\" \/>\n<meta property=\"article:modified_time\" content=\"2023-11-11T17:07:50+00:00\" \/>\n<meta name=\"twitter:card\" content=\"summary_large_image\" \/>\n<meta name=\"twitter:label1\" content=\"Est. reading time\" \/>\n\t<meta name=\"twitter:data1\" content=\"3 minutes\" \/>\n<script type=\"application\/ld+json\" class=\"yoast-schema-graph\">{\"@context\":\"https:\/\/schema.org\",\"@graph\":[{\"@type\":\"WebPage\",\"@id\":\"https:\/\/neustadtarchitekten.de\/leistungen\/\",\"url\":\"https:\/\/neustadtarchitekten.de\/leistungen\/\",\"name\":\"Neustadtarchitekten Architekturb\u00fcro Hamburg Profil\",\"isPartOf\":{\"@id\":\"https:\/\/neustadtarchitekten.de\/#website\"},\"datePublished\":\"2015-03-13T11:22:09+00:00\",\"dateModified\":\"2023-11-11T17:07:50+00:00\",\"description\":\"Neustadtarchitekten, ein Architekturb\u00fcro in Hamburg plant attraktive Geb\u00e4ude - nachhaltig und energieeffizient mit BIM, gepaart mit innovativer-wirtschaftlicher Bauweise.\",\"breadcrumb\":{\"@id\":\"https:\/\/neustadtarchitekten.de\/leistungen\/#breadcrumb\"},\"inLanguage\":\"en-US\",\"potentialAction\":[{\"@type\":\"ReadAction\",\"target\":[\"https:\/\/neustadtarchitekten.de\/leistungen\/\"]}]},{\"@type\":\"BreadcrumbList\",\"@id\":\"https:\/\/neustadtarchitekten.de\/leistungen\/#breadcrumb\",\"itemListElement\":[{\"@type\":\"ListItem\",\"position\":1,\"name\":\"Startseite\",\"item\":\"https:\/\/neustadtarchitekten.de\/\"},{\"@type\":\"ListItem\",\"position\":2,\"name\":\"Leistungen\"}]},{\"@type\":\"WebSite\",\"@id\":\"https:\/\/neustadtarchitekten.de\/#website\",\"url\":\"https:\/\/neustadtarchitekten.de\/\",\"name\":\"Neustadtarchitekten\",\"description\":\"Projekte und Aktuelles aus unserem Architekturb\u00fcro\",\"potentialAction\":[{\"@type\":\"SearchAction\",\"target\":{\"@type\":\"EntryPoint\",\"urlTemplate\":\"https:\/\/neustadtarchitekten.de\/?s={search_term_string}\"},\"query-input\":{\"@type\":\"PropertyValueSpecification\",\"valueRequired\":true,\"valueName\":\"search_term_string\"}}],\"inLanguage\":\"en-US\"}]}<\/script>\n<!-- \/ Yoast SEO plugin. -->","yoast_head_json":{"title":"Neustadtarchitekten Architekturb\u00fcro Hamburg Profil","description":"Neustadtarchitekten, ein Architekturb\u00fcro in Hamburg plant attraktive Geb\u00e4ude - nachhaltig und energieeffizient mit BIM, gepaart mit innovativer-wirtschaftlicher Bauweise.","robots":{"index":"index","follow":"follow","max-snippet":"max-snippet:-1","max-image-preview":"max-image-preview:large","max-video-preview":"max-video-preview:-1"},"canonical":"https:\/\/neustadtarchitekten.de\/en\/leistungen\/","og_locale":"en_US","og_type":"article","og_title":"Neustadtarchitekten Architekturb\u00fcro Hamburg Profil","og_description":"Neustadtarchitekten, ein Architekturb\u00fcro in Hamburg plant attraktive Geb\u00e4ude - nachhaltig und energieeffizient mit BIM, gepaart mit innovativer-wirtschaftlicher Bauweise.","og_url":"https:\/\/neustadtarchitekten.de\/en\/leistungen\/","og_site_name":"Neustadtarchitekten","article_publisher":"https:\/\/www.facebook.com\/Neustadtarchitekten-282231286044257","article_modified_time":"2023-11-11T17:07:50+00:00","twitter_card":"summary_large_image","twitter_misc":{"Est. reading time":"3 minutes"},"schema":{"@context":"https:\/\/schema.org","@graph":[{"@type":"WebPage","@id":"https:\/\/neustadtarchitekten.de\/leistungen\/","url":"https:\/\/neustadtarchitekten.de\/leistungen\/","name":"Neustadtarchitekten Architekturb\u00fcro Hamburg Profil","isPartOf":{"@id":"https:\/\/neustadtarchitekten.de\/#website"},"datePublished":"2015-03-13T11:22:09+00:00","dateModified":"2023-11-11T17:07:50+00:00","description":"Neustadtarchitekten, ein Architekturb\u00fcro in Hamburg plant attraktive Geb\u00e4ude - nachhaltig und energieeffizient mit BIM, gepaart mit innovativer-wirtschaftlicher Bauweise.","breadcrumb":{"@id":"https:\/\/neustadtarchitekten.de\/leistungen\/#breadcrumb"},"inLanguage":"en-US","potentialAction":[{"@type":"ReadAction","target":["https:\/\/neustadtarchitekten.de\/leistungen\/"]}]},{"@type":"BreadcrumbList","@id":"https:\/\/neustadtarchitekten.de\/leistungen\/#breadcrumb","itemListElement":[{"@type":"ListItem","position":1,"name":"Startseite","item":"https:\/\/neustadtarchitekten.de\/"},{"@type":"ListItem","position":2,"name":"Leistungen"}]},{"@type":"WebSite","@id":"https:\/\/neustadtarchitekten.de\/#website","url":"https:\/\/neustadtarchitekten.de\/","name":"Neustadtarchitekten","description":"Projekte und Aktuelles aus unserem Architekturb\u00fcro","potentialAction":[{"@type":"SearchAction","target":{"@type":"EntryPoint","urlTemplate":"https:\/\/neustadtarchitekten.de\/?s={search_term_string}"},"query-input":{"@type":"PropertyValueSpecification","valueRequired":true,"valueName":"search_term_string"}}],"inLanguage":"en-US"}]}},"_links":{"self":[{"href":"https:\/\/neustadtarchitekten.de\/en\/wp-json\/wp\/v2\/pages\/2359","targetHints":{"allow":["GET"]}}],"collection":[{"href":"https:\/\/neustadtarchitekten.de\/en\/wp-json\/wp\/v2\/pages"}],"about":[{"href":"https:\/\/neustadtarchitekten.de\/en\/wp-json\/wp\/v2\/types\/page"}],"author":[{"embeddable":true,"href":"https:\/\/neustadtarchitekten.de\/en\/wp-json\/wp\/v2\/users\/1"}],"replies":[{"embeddable":true,"href":"https:\/\/neustadtarchitekten.de\/en\/wp-json\/wp\/v2\/comments?post=2359"}],"version-history":[{"count":24,"href":"https:\/\/neustadtarchitekten.de\/en\/wp-json\/wp\/v2\/pages\/2359\/revisions"}],"predecessor-version":[{"id":7848,"href":"https:\/\/neustadtarchitekten.de\/en\/wp-json\/wp\/v2\/pages\/2359\/revisions\/7848"}],"wp:attachment":[{"href":"https:\/\/neustadtarchitekten.de\/en\/wp-json\/wp\/v2\/media?parent=2359"}],"curies":[{"name":"wp","href":"https:\/\/api.w.org\/{rel}","templated":true}]}}