{"id":5869,"date":"2019-05-26T16:23:19","date_gmt":"2019-05-26T14:23:19","guid":{"rendered":"http:\/\/neustadtarchitekten.de\/?page_id=5869"},"modified":"2024-01-18T10:58:15","modified_gmt":"2024-01-18T09:58:15","slug":"impressum","status":"publish","type":"page","link":"https:\/\/neustadtarchitekten.de\/en\/impressum\/","title":{"rendered":"Impressum"},"content":{"rendered":"<p>Neustadtarchitekten<br \/>Petra Diesing<\/p>\r\n<p>R\u00f6hrigstr. 11<br \/>22763 Hamburg<br \/>Germany<\/p>\r\n<p>Fon: +49\/40 85 15 02 30<\/p>\r\n<p>mail(at)neustadtarchitekten.de<br \/>www.neustadtarchitekten.de<\/p>\r\n<p><br \/>Steuer Nr. 41\/647\/02346<br \/>Mitgliedsnummer AK-HH: 4226<\/p>\r\n<p>Zust\u00e4ndige Verbraucherschlichtungsstelle ist die Hamburgische Architektenkammer:<br \/><a href=\"https:\/\/www.akhh.de\/bauherrinnen\/bauherrin-und-architektin\/schlichtungs-und-ehrenverfahren\/\" target=\"_blank\" rel=\"noopener\">https:\/\/www.akhh.de\/bauherrinnen\/bauherrin-und-architektin\/schlichtungs-und-ehrenverfahren\/<\/a><\/p>\r\n<p>Berufshaftpflichtversicherung: HDI Versicherung AG, Neumarkt 15, 66117 Saarbr\u00fccken<\/p>\r\n<p>Bildnachweis:<br \/>Anselm Gaupp: Kita Bachstr, Marmstorf, Nochtspeicher<br \/>Gebler : Klimaschutzsiedlung, Sophienallee, Lurup<br \/>Liebrecht : Handwerkerhof<br \/>Mica Reinhardt : Stage School<br \/>Stein : Friedrichsberg, Kita Bindfeldweg, Klimaschutzsiedlung<br \/>St\u00fcber : Sophienallee<br \/>Klaus Walter: Celler Stra\u00dfe<\/p>","protected":false},"excerpt":{"rendered":"<p>NeustadtarchitektenPetra Diesing R\u00f6hrigstr. 1122763 HamburgDeutschland Fon: +49\/40 85 15 02 30 mail(at)neustadtarchitekten.dewww.neustadtarchitekten.de Steuer Nr. 41\/647\/02346Mitgliedsnummer AK-HH: 4226 Zust\u00e4ndige Verbraucherschlichtungsstelle ist die Hamburgische Architektenkammer:https:\/\/www.akhh.de\/bauherrinnen\/bauherrin-und-architektin\/schlichtungs-und-ehrenverfahren\/ Berufshaftpflichtversicherung: HDI Versicherung AG, Neumarkt 15, 66117 Saarbr\u00fccken Bildnachweis:Anselm Gaupp: Kita Bachstr, Marmstorf, NochtspeicherGebler : Klimaschutzsiedlung, Sophienallee, LurupLiebrecht : HandwerkerhofMica Reinhardt : Stage SchoolStein : Friedrichsberg, Kita Bindfeldweg, KlimaschutzsiedlungSt\u00fcber : SophienalleeKlaus Walter:&hellip;<\/p>","protected":false},"author":1,"featured_media":0,"parent":0,"menu_order":0,"comment_status":"closed","ping_status":"open","template":"","meta":{"footnotes":""},"class_list":["post-5869","page","type-page","status-publish","hentry"],"acf":[],"yoast_head":"<!-- This site is optimized with the Yoast SEO plugin v25.3 - https:\/\/yoast.com\/wordpress\/plugins\/seo\/ -->\n<title>Neustadtarchitekten Architekturb\u00fcro Impressum<\/title>\n<meta name=\"description\" content=\"Architekturb\u00fcro Neustadtarchitekten, R\u00f6hrigstr. 11, 22763 Hamburg Ottensen, Tel. 040 - 85 15 02 30, mail@neustadtarchitekten.de\" \/>\n<meta name=\"robots\" content=\"index, follow, max-snippet:-1, max-image-preview:large, max-video-preview:-1\" \/>\n<link rel=\"canonical\" href=\"https:\/\/neustadtarchitekten.de\/en\/impressum\/\" \/>\n<meta property=\"og:locale\" content=\"en_US\" \/>\n<meta property=\"og:type\" content=\"article\" \/>\n<meta property=\"og:title\" content=\"Neustadtarchitekten Architekturb\u00fcro Impressum\" \/>\n<meta property=\"og:description\" content=\"Architekturb\u00fcro Neustadtarchitekten, R\u00f6hrigstr. 11, 22763 Hamburg Ottensen, Tel. 040 - 85 15 02 30, mail@neustadtarchitekten.de\" \/>\n<meta property=\"og:url\" content=\"https:\/\/neustadtarchitekten.de\/en\/impressum\/\" \/>\n<meta property=\"og:site_name\" content=\"Neustadtarchitekten\" \/>\n<meta property=\"article:publisher\" content=\"https:\/\/www.facebook.com\/Neustadtarchitekten-282231286044257\" \/>\n<meta property=\"article:modified_time\" content=\"2024-01-18T09:58:15+00:00\" \/>\n<meta name=\"twitter:card\" content=\"summary_large_image\" \/>\n<meta name=\"twitter:label1\" content=\"Est. reading time\" \/>\n\t<meta name=\"twitter:data1\" content=\"1 minute\" \/>\n<script type=\"application\/ld+json\" class=\"yoast-schema-graph\">{\"@context\":\"https:\/\/schema.org\",\"@graph\":[{\"@type\":\"WebPage\",\"@id\":\"https:\/\/neustadtarchitekten.de\/impressum\/\",\"url\":\"https:\/\/neustadtarchitekten.de\/impressum\/\",\"name\":\"Neustadtarchitekten Architekturb\u00fcro Impressum\",\"isPartOf\":{\"@id\":\"https:\/\/neustadtarchitekten.de\/#website\"},\"datePublished\":\"2019-05-26T14:23:19+00:00\",\"dateModified\":\"2024-01-18T09:58:15+00:00\",\"description\":\"Architekturb\u00fcro Neustadtarchitekten, R\u00f6hrigstr. 11, 22763 Hamburg Ottensen, Tel. 040 - 85 15 02 30, mail@neustadtarchitekten.de\",\"breadcrumb\":{\"@id\":\"https:\/\/neustadtarchitekten.de\/impressum\/#breadcrumb\"},\"inLanguage\":\"en-US\",\"potentialAction\":[{\"@type\":\"ReadAction\",\"target\":[\"https:\/\/neustadtarchitekten.de\/impressum\/\"]}]},{\"@type\":\"BreadcrumbList\",\"@id\":\"https:\/\/neustadtarchitekten.de\/impressum\/#breadcrumb\",\"itemListElement\":[{\"@type\":\"ListItem\",\"position\":1,\"name\":\"Startseite\",\"item\":\"https:\/\/neustadtarchitekten.de\/\"},{\"@type\":\"ListItem\",\"position\":2,\"name\":\"Impressum\"}]},{\"@type\":\"WebSite\",\"@id\":\"https:\/\/neustadtarchitekten.de\/#website\",\"url\":\"https:\/\/neustadtarchitekten.de\/\",\"name\":\"Neustadtarchitekten\",\"description\":\"Projekte und Aktuelles aus unserem Architekturb\u00fcro\",\"potentialAction\":[{\"@type\":\"SearchAction\",\"target\":{\"@type\":\"EntryPoint\",\"urlTemplate\":\"https:\/\/neustadtarchitekten.de\/?s={search_term_string}\"},\"query-input\":{\"@type\":\"PropertyValueSpecification\",\"valueRequired\":true,\"valueName\":\"search_term_string\"}}],\"inLanguage\":\"en-US\"}]}<\/script>\n<!-- \/ Yoast SEO plugin. -->","yoast_head_json":{"title":"Neustadtarchitekten Architekturb\u00fcro Impressum","description":"Architekturb\u00fcro Neustadtarchitekten, R\u00f6hrigstr. 11, 22763 Hamburg Ottensen, Tel. 040 - 85 15 02 30, mail@neustadtarchitekten.de","robots":{"index":"index","follow":"follow","max-snippet":"max-snippet:-1","max-image-preview":"max-image-preview:large","max-video-preview":"max-video-preview:-1"},"canonical":"https:\/\/neustadtarchitekten.de\/en\/impressum\/","og_locale":"en_US","og_type":"article","og_title":"Neustadtarchitekten Architekturb\u00fcro Impressum","og_description":"Architekturb\u00fcro Neustadtarchitekten, R\u00f6hrigstr. 11, 22763 Hamburg Ottensen, Tel. 040 - 85 15 02 30, mail@neustadtarchitekten.de","og_url":"https:\/\/neustadtarchitekten.de\/en\/impressum\/","og_site_name":"Neustadtarchitekten","article_publisher":"https:\/\/www.facebook.com\/Neustadtarchitekten-282231286044257","article_modified_time":"2024-01-18T09:58:15+00:00","twitter_card":"summary_large_image","twitter_misc":{"Est. reading time":"1 minute"},"schema":{"@context":"https:\/\/schema.org","@graph":[{"@type":"WebPage","@id":"https:\/\/neustadtarchitekten.de\/impressum\/","url":"https:\/\/neustadtarchitekten.de\/impressum\/","name":"Neustadtarchitekten Architekturb\u00fcro Impressum","isPartOf":{"@id":"https:\/\/neustadtarchitekten.de\/#website"},"datePublished":"2019-05-26T14:23:19+00:00","dateModified":"2024-01-18T09:58:15+00:00","description":"Architekturb\u00fcro Neustadtarchitekten, R\u00f6hrigstr. 11, 22763 Hamburg Ottensen, Tel. 040 - 85 15 02 30, mail@neustadtarchitekten.de","breadcrumb":{"@id":"https:\/\/neustadtarchitekten.de\/impressum\/#breadcrumb"},"inLanguage":"en-US","potentialAction":[{"@type":"ReadAction","target":["https:\/\/neustadtarchitekten.de\/impressum\/"]}]},{"@type":"BreadcrumbList","@id":"https:\/\/neustadtarchitekten.de\/impressum\/#breadcrumb","itemListElement":[{"@type":"ListItem","position":1,"name":"Startseite","item":"https:\/\/neustadtarchitekten.de\/"},{"@type":"ListItem","position":2,"name":"Impressum"}]},{"@type":"WebSite","@id":"https:\/\/neustadtarchitekten.de\/#website","url":"https:\/\/neustadtarchitekten.de\/","name":"Neustadtarchitekten","description":"Projekte und Aktuelles aus unserem Architekturb\u00fcro","potentialAction":[{"@type":"SearchAction","target":{"@type":"EntryPoint","urlTemplate":"https:\/\/neustadtarchitekten.de\/?s={search_term_string}"},"query-input":{"@type":"PropertyValueSpecification","valueRequired":true,"valueName":"search_term_string"}}],"inLanguage":"en-US"}]}},"_links":{"self":[{"href":"https:\/\/neustadtarchitekten.de\/en\/wp-json\/wp\/v2\/pages\/5869","targetHints":{"allow":["GET"]}}],"collection":[{"href":"https:\/\/neustadtarchitekten.de\/en\/wp-json\/wp\/v2\/pages"}],"about":[{"href":"https:\/\/neustadtarchitekten.de\/en\/wp-json\/wp\/v2\/types\/page"}],"author":[{"embeddable":true,"href":"https:\/\/neustadtarchitekten.de\/en\/wp-json\/wp\/v2\/users\/1"}],"replies":[{"embeddable":true,"href":"https:\/\/neustadtarchitekten.de\/en\/wp-json\/wp\/v2\/comments?post=5869"}],"version-history":[{"count":7,"href":"https:\/\/neustadtarchitekten.de\/en\/wp-json\/wp\/v2\/pages\/5869\/revisions"}],"predecessor-version":[{"id":7949,"href":"https:\/\/neustadtarchitekten.de\/en\/wp-json\/wp\/v2\/pages\/5869\/revisions\/7949"}],"wp:attachment":[{"href":"https:\/\/neustadtarchitekten.de\/en\/wp-json\/wp\/v2\/media?parent=5869"}],"curies":[{"name":"wp","href":"https:\/\/api.w.org\/{rel}","templated":true}]}}