{"id":6604,"date":"2020-12-17T11:57:43","date_gmt":"2020-12-17T10:57:43","guid":{"rendered":"http:\/\/neustadtarchitekten.de\/?page_id=6604"},"modified":"2023-10-20T15:01:04","modified_gmt":"2023-10-20T13:01:04","slug":"profil","status":"publish","type":"page","link":"https:\/\/neustadtarchitekten.de\/en\/profil\/","title":{"rendered":"Profile"},"content":{"rendered":"<div class=\"wpb-content-wrapper\"><div class=\"vc-row-container container parent--zeile-bottom-0\"><div class=\"vc_row wpb_row vc_row-fluid zeile-bottom-0\"><div class=\"wpb_column vc_column_container vc_col-sm-12\"><div class=\"vc_column-inner\"><div class=\"wpb_wrapper\">\n\t<div class=\"wpb_text_column wpb_content_element  post-formatting\" >\n\t\t<div class=\"wpb_wrapper\">\n\t\t\t<p><a class=\"fontstyle0 span-top-btn\" href=\"https:\/\/neustadtarchitekten.de\/en\/bim\/\">BIM<\/a>\u00a0<a class=\"fontstyle0 span-top-btn\" href=\"https:\/\/neustadtarchitekten.de\/en\/baugemeinschaften\/\">Baugemeinschaften<\/a> <a class=\"fontstyle0 span-top-btn\" href=\"https:\/\/neustadtarchitekten.de\/en\/nachhaltigkeit\/\">Nachhaltiges Bauen<\/a> <a class=\"fontstyle0 span-top-btn\" href=\"https:\/\/neustadtarchitekten.de\/en\/holzbau\/\">Bauen mit Holz<\/a><\/p>\n\n\t\t<\/div>\n\t<\/div>\n\n\t<div class=\"wpb_text_column wpb_content_element  zeile-bottom-0 post-formatting\" >\n\t\t<div class=\"wpb_wrapper\">\n\t\t\t\n\t\t<\/div>\n\t<\/div>\n<\/div><\/div><\/div><\/div><\/div><div class=\"vc-row-container container parent--zeile-bottom-0-top-15\"><div class=\"vc_row wpb_row vc_row-fluid zeile-bottom-0-top-15\"><div class=\"wpb_column vc_column_container vc_col-sm-12\"><div class=\"vc_column-inner\"><div class=\"wpb_wrapper\">\n\t<div class=\"wpb_text_column wpb_content_element  zeile-bottom-0 post-formatting\" >\n\t\t<div class=\"wpb_wrapper\">\n\t\t\t\n\t\t<\/div>\n\t<\/div>\n<div class=\"vc_row wpb_row vc_inner vc_row-fluid vc_column-gap-35\"><div class=\"wpb_column vc_column_container vc_col-sm-6\"><div class=\"vc_column-inner\"><div class=\"wpb_wrapper\">\n\t<div  class=\"wpb_single_image wpb_content_element vc_align_left\">\n\t\t\n\t\t<figure class=\"wpb_wrapper vc_figure\">\n\t\t\t<a href=\"https:\/\/neustadtarchitekten.de\/en\/bim\/\" target=\"_self\" class=\"vc_single_image-wrapper   vc_box_border_grey\"><img loading=\"lazy\" decoding=\"async\" width=\"800\" height=\"480\" src=\"https:\/\/neustadtarchitekten.de\/wp-content\/uploads\/2020\/12\/BIMSkopeNeustadtarchitekten.jpg\" class=\"vc_single_image-img attachment-full\" alt=\"BIM Skope\" title=\"BIM Skope\" srcset=\"https:\/\/neustadtarchitekten.de\/wp-content\/uploads\/2020\/12\/BIMSkopeNeustadtarchitekten.jpg 800w, https:\/\/neustadtarchitekten.de\/wp-content\/uploads\/2020\/12\/BIMSkopeNeustadtarchitekten-300x180.jpg 300w, https:\/\/neustadtarchitekten.de\/wp-content\/uploads\/2020\/12\/BIMSkopeNeustadtarchitekten-768x461.jpg 768w, https:\/\/neustadtarchitekten.de\/wp-content\/uploads\/2020\/12\/BIMSkopeNeustadtarchitekten-558x335.jpg 558w, https:\/\/neustadtarchitekten.de\/wp-content\/uploads\/2020\/12\/BIMSkopeNeustadtarchitekten-655x393.jpg 655w\" sizes=\"auto, (max-width: 800px) 100vw, 800px\" \/><\/a>\n\t\t<\/figure>\n\t<\/div>\n<\/div><\/div><\/div><div class=\"wpb_column vc_column_container vc_col-sm-6\"><div class=\"vc_column-inner\"><div class=\"wpb_wrapper\">\n\t<div class=\"wpb_text_column wpb_content_element  post-formatting\" >\n\t\t<div class=\"wpb_wrapper\">\n\t\t\t<p><strong>Building Information Modeling (BIM)<\/strong><\/p>\n<p>Unser B\u00fcro setzt seit 2015 die BIM Methode im Planungsablauf ein. Ziel ist es, eine Durchg\u00e4ngigkeit der Informationen von der Planung \u00fcber die Ausf\u00fchrung bis zur Bewirtschaftung der Geb\u00e4ude zu erreichen. Die strukturierte und vernetzte Planung erfolgt anhand eines zentralen 3D Modells, in welchem alle relevanten Daten hinterlegt werden. Die dazugeh\u00f6rige Kommunikation aller Beteiligten erfolgt transparent an zentraler Stelle.<\/p>\n<p>Mitglied der BIM-Allianz<\/p>\n<p><a href=\"https:\/\/neustadtarchitekten.de\/en\/bim\/\">+ mehr Infos<\/a><\/p>\n\n\t\t<\/div>\n\t<\/div>\n<\/div><\/div><\/div><div class=\"wpb_column vc_column_container vc_col-sm-12\"><div class=\"vc_column-inner\"><div class=\"wpb_wrapper\"><\/div><\/div><\/div><\/div><div class=\"vc_row wpb_row vc_inner vc_row-fluid vc_column-gap-35\"><div class=\"wpb_column vc_column_container vc_col-sm-6\"><div class=\"vc_column-inner\"><div class=\"wpb_wrapper\">\n\t<div  class=\"wpb_single_image wpb_content_element vc_align_left  vc_custom_1608207736430\">\n\t\t\n\t\t<figure class=\"wpb_wrapper vc_figure\">\n\t\t\t<a href=\"https:\/\/neustadtarchitekten.de\/en\/baugemeinschaften\/\" target=\"_self\" class=\"vc_single_image-wrapper   vc_box_border_grey\"><img loading=\"lazy\" decoding=\"async\" width=\"800\" height=\"533\" src=\"https:\/\/neustadtarchitekten.de\/wp-content\/uploads\/2020\/12\/BaugemeinschaftMeisterwegNeustadtarchitekten80.jpg\" class=\"vc_single_image-img attachment-full\" alt=\"Bild Baugemeinschaft Meisterweg\" title=\"Baugemeinschaft Meisterweg Neustadtarchitekten\" srcset=\"https:\/\/neustadtarchitekten.de\/wp-content\/uploads\/2020\/12\/BaugemeinschaftMeisterwegNeustadtarchitekten80.jpg 800w, https:\/\/neustadtarchitekten.de\/wp-content\/uploads\/2020\/12\/BaugemeinschaftMeisterwegNeustadtarchitekten80-300x200.jpg 300w, https:\/\/neustadtarchitekten.de\/wp-content\/uploads\/2020\/12\/BaugemeinschaftMeisterwegNeustadtarchitekten80-768x512.jpg 768w, https:\/\/neustadtarchitekten.de\/wp-content\/uploads\/2020\/12\/BaugemeinschaftMeisterwegNeustadtarchitekten80-558x372.jpg 558w, https:\/\/neustadtarchitekten.de\/wp-content\/uploads\/2020\/12\/BaugemeinschaftMeisterwegNeustadtarchitekten80-655x436.jpg 655w\" sizes=\"auto, (max-width: 800px) 100vw, 800px\" \/><\/a>\n\t\t<\/figure>\n\t<\/div>\n<\/div><\/div><\/div><div class=\"wpb_column vc_column_container vc_col-sm-6\"><div class=\"vc_column-inner\"><div class=\"wpb_wrapper\">\n\t<div class=\"wpb_text_column wpb_content_element  post-formatting\" >\n\t\t<div class=\"wpb_wrapper\">\n\t\t\t<p><strong>Wir bauen mit Baugemeinschaften<\/strong><\/p>\n<p>Seit 2005 begleiten wir Baugemeinschaften auf ihrem Weg von den ersten Planungsideen bis zum Einzug. Gesammelte Erfahrungen aus unseren Projekten bringen wir mit viel Engagement in jede Planung ein. Zum Teil sind wir selbst Mitglied einer Baugemeinschaft und kennen die typischen Fallstricke genau.<\/p>\n<p><a href=\"https:\/\/neustadtarchitekten.de\/en\/baugemeinschaften\/\">+ mehr Infos<\/a><\/p>\n\n\t\t<\/div>\n\t<\/div>\n<\/div><\/div><\/div><div class=\"wpb_column vc_column_container vc_col-sm-12\"><div class=\"vc_column-inner\"><div class=\"wpb_wrapper\"><\/div><\/div><\/div><\/div><div class=\"vc_row wpb_row vc_inner vc_row-fluid vc_column-gap-35\"><div class=\"wpb_column vc_column_container vc_col-sm-6\"><div class=\"vc_column-inner\"><div class=\"wpb_wrapper\">\n\t<div  class=\"wpb_single_image wpb_content_element vc_align_left  vc_custom_1623404799616\">\n\t\t\n\t\t<figure class=\"wpb_wrapper vc_figure\">\n\t\t\t<a href=\"https:\/\/neustadtarchitekten.de\/en\/nachhaltigkeit\/\" target=\"_self\" class=\"vc_single_image-wrapper   vc_box_border_grey\"><img loading=\"lazy\" decoding=\"async\" width=\"800\" height=\"408\" src=\"https:\/\/neustadtarchitekten.de\/wp-content\/uploads\/2020\/12\/NachhaltigesBauen.jpg\" class=\"vc_single_image-img attachment-full\" alt=\"Bild Nachhaltiges Bauen\" title=\"Nachhaltiges Bauen\" srcset=\"https:\/\/neustadtarchitekten.de\/wp-content\/uploads\/2020\/12\/NachhaltigesBauen.jpg 800w, https:\/\/neustadtarchitekten.de\/wp-content\/uploads\/2020\/12\/NachhaltigesBauen-300x153.jpg 300w, https:\/\/neustadtarchitekten.de\/wp-content\/uploads\/2020\/12\/NachhaltigesBauen-768x392.jpg 768w, https:\/\/neustadtarchitekten.de\/wp-content\/uploads\/2020\/12\/NachhaltigesBauen-558x285.jpg 558w, https:\/\/neustadtarchitekten.de\/wp-content\/uploads\/2020\/12\/NachhaltigesBauen-655x334.jpg 655w\" sizes=\"auto, (max-width: 800px) 100vw, 800px\" \/><\/a>\n\t\t<\/figure>\n\t<\/div>\n<\/div><\/div><\/div><div class=\"wpb_column vc_column_container vc_col-sm-6\"><div class=\"vc_column-inner\"><div class=\"wpb_wrapper\">\n\t<div class=\"wpb_text_column wpb_content_element  zeile-bottom-0 post-formatting\" >\n\t\t<div class=\"wpb_wrapper\">\n\t\t\t<p><strong>Nachhaltiges Bauen f\u00e4ngt<\/strong> <u><strong>vor<\/strong><\/u><strong>\u00a0der Planung an<\/strong><\/p>\n<p>Der Geb\u00e4udesektor ist weltweit f\u00fcr 30% CO<sub>2<\/sub>\u00a0Aussto\u00df, 30% Ressourceneinsatz und 40% Energieaufwand verantwortlich \u2013 dazu kommen Fl\u00e4chenverbrauch und M\u00fcll. Die Jahre bis 2030 sind entscheidend, um die CO<sub>2\u00a0<\/sub>Neutralit\u00e4t aller Geb\u00e4ude zu realisieren und die weitere Erderw\u00e4rmung aufzuhalten.<\/p>\n<p><a href=\"https:\/\/neustadtarchitekten.de\/en\/nachhaltigkeit\/\">+ mehr Infos<\/a><\/p>\n\n\t\t<\/div>\n\t<\/div>\n<\/div><\/div><\/div><div class=\"wpb_column vc_column_container vc_col-sm-12\"><div class=\"vc_column-inner\"><div class=\"wpb_wrapper\"><\/div><\/div><\/div><\/div><div class=\"vc_row wpb_row vc_inner vc_row-fluid vc_column-gap-35\"><div class=\"wpb_column vc_column_container vc_col-sm-6\"><div class=\"vc_column-inner\"><div class=\"wpb_wrapper\">\n\t<div  class=\"wpb_single_image wpb_content_element vc_align_left  vc_custom_1638358651829\">\n\t\t\n\t\t<figure class=\"wpb_wrapper vc_figure\">\n\t\t\t<a href=\"https:\/\/neustadtarchitekten.de\/en\/holzbau\/\" target=\"_self\" class=\"vc_single_image-wrapper   vc_box_border_grey\"><img loading=\"lazy\" decoding=\"async\" width=\"945\" height=\"624\" src=\"https:\/\/neustadtarchitekten.de\/wp-content\/uploads\/2021\/12\/holzbau-hero-1024x676.jpg\" class=\"vc_single_image-img attachment-large\" alt=\"\" title=\"holzbau-hero\" srcset=\"https:\/\/neustadtarchitekten.de\/wp-content\/uploads\/2021\/12\/holzbau-hero-1024x676.jpg 1024w, https:\/\/neustadtarchitekten.de\/wp-content\/uploads\/2021\/12\/holzbau-hero-300x198.jpg 300w, https:\/\/neustadtarchitekten.de\/wp-content\/uploads\/2021\/12\/holzbau-hero-768x507.jpg 768w, https:\/\/neustadtarchitekten.de\/wp-content\/uploads\/2021\/12\/holzbau-hero-16x12.jpg 16w, https:\/\/neustadtarchitekten.de\/wp-content\/uploads\/2021\/12\/holzbau-hero-1116x737.jpg 1116w, https:\/\/neustadtarchitekten.de\/wp-content\/uploads\/2021\/12\/holzbau-hero-806x532.jpg 806w, https:\/\/neustadtarchitekten.de\/wp-content\/uploads\/2021\/12\/holzbau-hero-558x369.jpg 558w, https:\/\/neustadtarchitekten.de\/wp-content\/uploads\/2021\/12\/holzbau-hero-655x433.jpg 655w, https:\/\/neustadtarchitekten.de\/wp-content\/uploads\/2021\/12\/holzbau-hero.jpg 1140w\" sizes=\"auto, (max-width: 945px) 100vw, 945px\" \/><\/a>\n\t\t<\/figure>\n\t<\/div>\n<\/div><\/div><\/div><div class=\"wpb_column vc_column_container vc_col-sm-6\"><div class=\"vc_column-inner\"><div class=\"wpb_wrapper\">\n\t<div class=\"wpb_text_column wpb_content_element  post-formatting\" >\n\t\t<div class=\"wpb_wrapper\">\n\t\t\t<p><strong>Bauen mit Holz<\/strong><\/p>\n<p>Holz: historischer Baustoff, nachwachsend, verf\u00fcgbar und ein ansprechendes Material.<br \/>\nPlanen und Bauen mit Holz ist f\u00fcr Neustadtarchitekten ein wichtiger Beitrag zum Klimaschutz.<\/p>\n<p><a href=\"https:\/\/neustadtarchitekten.de\/en\/holzbau\/\">+ mehr Infos<\/a><\/p>\n\n\t\t<\/div>\n\t<\/div>\n<\/div><\/div><\/div><div class=\"wpb_column vc_column_container vc_col-sm-12\"><div class=\"vc_column-inner\"><div class=\"wpb_wrapper\"><\/div><\/div><\/div><\/div><\/div><\/div><\/div><\/div><\/div>\n<\/div>","protected":false},"excerpt":{"rendered":"BIM\u00a0Baugemeinschaften Nachhaltiges Bauen Bauen mit Holz Building Information Modeling (BIM) Unser B\u00fcro setzt seit 2015 die BIM Methode im Planungsablauf ein. Ziel ist es, eine Durchg\u00e4ngigkeit der Informationen von der Planung \u00fcber die Ausf\u00fchrung bis zur Bewirtschaftung der Geb\u00e4ude zu erreichen. Die strukturierte und vernetzte Planung erfolgt anhand eines zentralen 3D Modells, in welchem alle&hellip;","protected":false},"author":1,"featured_media":0,"parent":0,"menu_order":0,"comment_status":"open","ping_status":"open","template":"","meta":{"footnotes":""},"class_list":["post-6604","page","type-page","status-publish","hentry"],"acf":[],"yoast_head":"<!-- This site is optimized with the Yoast SEO plugin v25.3 - https:\/\/yoast.com\/wordpress\/plugins\/seo\/ -->\n<title>Neustadtarchitekten Architekturb\u00fcro Schwerpunkte<\/title>\n<meta name=\"description\" content=\"Das Architekturb\u00fcro Neustadtarchitekten begleitet\/betreut Baugemeinschaften in allen Phasen von der Entstehung bis zur Ferstigstellung eines Bauprojektes.\" \/>\n<meta name=\"robots\" content=\"index, follow, max-snippet:-1, max-image-preview:large, max-video-preview:-1\" \/>\n<link rel=\"canonical\" href=\"https:\/\/neustadtarchitekten.de\/en\/profil\/\" \/>\n<meta property=\"og:locale\" content=\"en_US\" \/>\n<meta property=\"og:type\" content=\"article\" \/>\n<meta property=\"og:title\" content=\"Neustadtarchitekten Architekturb\u00fcro Schwerpunkte\" \/>\n<meta property=\"og:description\" content=\"Das Architekturb\u00fcro Neustadtarchitekten begleitet\/betreut Baugemeinschaften in allen Phasen von der Entstehung bis zur Ferstigstellung eines Bauprojektes.\" \/>\n<meta property=\"og:url\" content=\"https:\/\/neustadtarchitekten.de\/en\/profil\/\" \/>\n<meta property=\"og:site_name\" content=\"Neustadtarchitekten\" \/>\n<meta property=\"article:publisher\" content=\"https:\/\/www.facebook.com\/Neustadtarchitekten-282231286044257\" \/>\n<meta property=\"article:modified_time\" content=\"2023-10-20T13:01:04+00:00\" \/>\n<meta name=\"twitter:card\" content=\"summary_large_image\" \/>\n<meta name=\"twitter:label1\" content=\"Est. reading time\" \/>\n\t<meta name=\"twitter:data1\" content=\"2 minutes\" \/>\n<script type=\"application\/ld+json\" class=\"yoast-schema-graph\">{\"@context\":\"https:\/\/schema.org\",\"@graph\":[{\"@type\":\"WebPage\",\"@id\":\"https:\/\/neustadtarchitekten.de\/profil\/\",\"url\":\"https:\/\/neustadtarchitekten.de\/profil\/\",\"name\":\"Neustadtarchitekten Architekturb\u00fcro Schwerpunkte\",\"isPartOf\":{\"@id\":\"https:\/\/neustadtarchitekten.de\/#website\"},\"datePublished\":\"2020-12-17T10:57:43+00:00\",\"dateModified\":\"2023-10-20T13:01:04+00:00\",\"description\":\"Das Architekturb\u00fcro Neustadtarchitekten begleitet\/betreut Baugemeinschaften in allen Phasen von der Entstehung bis zur Ferstigstellung eines Bauprojektes.\",\"breadcrumb\":{\"@id\":\"https:\/\/neustadtarchitekten.de\/profil\/#breadcrumb\"},\"inLanguage\":\"en-US\",\"potentialAction\":[{\"@type\":\"ReadAction\",\"target\":[\"https:\/\/neustadtarchitekten.de\/profil\/\"]}]},{\"@type\":\"BreadcrumbList\",\"@id\":\"https:\/\/neustadtarchitekten.de\/profil\/#breadcrumb\",\"itemListElement\":[{\"@type\":\"ListItem\",\"position\":1,\"name\":\"Startseite\",\"item\":\"https:\/\/neustadtarchitekten.de\/\"},{\"@type\":\"ListItem\",\"position\":2,\"name\":\"Profil\"}]},{\"@type\":\"WebSite\",\"@id\":\"https:\/\/neustadtarchitekten.de\/#website\",\"url\":\"https:\/\/neustadtarchitekten.de\/\",\"name\":\"Neustadtarchitekten\",\"description\":\"Projekte und Aktuelles aus unserem Architekturb\u00fcro\",\"potentialAction\":[{\"@type\":\"SearchAction\",\"target\":{\"@type\":\"EntryPoint\",\"urlTemplate\":\"https:\/\/neustadtarchitekten.de\/?s={search_term_string}\"},\"query-input\":{\"@type\":\"PropertyValueSpecification\",\"valueRequired\":true,\"valueName\":\"search_term_string\"}}],\"inLanguage\":\"en-US\"}]}<\/script>\n<!-- \/ Yoast SEO plugin. -->","yoast_head_json":{"title":"Neustadtarchitekten Architekturb\u00fcro Schwerpunkte","description":"Das Architekturb\u00fcro Neustadtarchitekten begleitet\/betreut Baugemeinschaften in allen Phasen von der Entstehung bis zur Ferstigstellung eines Bauprojektes.","robots":{"index":"index","follow":"follow","max-snippet":"max-snippet:-1","max-image-preview":"max-image-preview:large","max-video-preview":"max-video-preview:-1"},"canonical":"https:\/\/neustadtarchitekten.de\/en\/profil\/","og_locale":"en_US","og_type":"article","og_title":"Neustadtarchitekten Architekturb\u00fcro Schwerpunkte","og_description":"Das Architekturb\u00fcro Neustadtarchitekten begleitet\/betreut Baugemeinschaften in allen Phasen von der Entstehung bis zur Ferstigstellung eines Bauprojektes.","og_url":"https:\/\/neustadtarchitekten.de\/en\/profil\/","og_site_name":"Neustadtarchitekten","article_publisher":"https:\/\/www.facebook.com\/Neustadtarchitekten-282231286044257","article_modified_time":"2023-10-20T13:01:04+00:00","twitter_card":"summary_large_image","twitter_misc":{"Est. reading time":"2 minutes"},"schema":{"@context":"https:\/\/schema.org","@graph":[{"@type":"WebPage","@id":"https:\/\/neustadtarchitekten.de\/profil\/","url":"https:\/\/neustadtarchitekten.de\/profil\/","name":"Neustadtarchitekten Architekturb\u00fcro Schwerpunkte","isPartOf":{"@id":"https:\/\/neustadtarchitekten.de\/#website"},"datePublished":"2020-12-17T10:57:43+00:00","dateModified":"2023-10-20T13:01:04+00:00","description":"Das Architekturb\u00fcro Neustadtarchitekten begleitet\/betreut Baugemeinschaften in allen Phasen von der Entstehung bis zur Ferstigstellung eines Bauprojektes.","breadcrumb":{"@id":"https:\/\/neustadtarchitekten.de\/profil\/#breadcrumb"},"inLanguage":"en-US","potentialAction":[{"@type":"ReadAction","target":["https:\/\/neustadtarchitekten.de\/profil\/"]}]},{"@type":"BreadcrumbList","@id":"https:\/\/neustadtarchitekten.de\/profil\/#breadcrumb","itemListElement":[{"@type":"ListItem","position":1,"name":"Startseite","item":"https:\/\/neustadtarchitekten.de\/"},{"@type":"ListItem","position":2,"name":"Profil"}]},{"@type":"WebSite","@id":"https:\/\/neustadtarchitekten.de\/#website","url":"https:\/\/neustadtarchitekten.de\/","name":"Neustadtarchitekten","description":"Projekte und Aktuelles aus unserem Architekturb\u00fcro","potentialAction":[{"@type":"SearchAction","target":{"@type":"EntryPoint","urlTemplate":"https:\/\/neustadtarchitekten.de\/?s={search_term_string}"},"query-input":{"@type":"PropertyValueSpecification","valueRequired":true,"valueName":"search_term_string"}}],"inLanguage":"en-US"}]}},"_links":{"self":[{"href":"https:\/\/neustadtarchitekten.de\/en\/wp-json\/wp\/v2\/pages\/6604","targetHints":{"allow":["GET"]}}],"collection":[{"href":"https:\/\/neustadtarchitekten.de\/en\/wp-json\/wp\/v2\/pages"}],"about":[{"href":"https:\/\/neustadtarchitekten.de\/en\/wp-json\/wp\/v2\/types\/page"}],"author":[{"embeddable":true,"href":"https:\/\/neustadtarchitekten.de\/en\/wp-json\/wp\/v2\/users\/1"}],"replies":[{"embeddable":true,"href":"https:\/\/neustadtarchitekten.de\/en\/wp-json\/wp\/v2\/comments?post=6604"}],"version-history":[{"count":51,"href":"https:\/\/neustadtarchitekten.de\/en\/wp-json\/wp\/v2\/pages\/6604\/revisions"}],"predecessor-version":[{"id":7806,"href":"https:\/\/neustadtarchitekten.de\/en\/wp-json\/wp\/v2\/pages\/6604\/revisions\/7806"}],"wp:attachment":[{"href":"https:\/\/neustadtarchitekten.de\/en\/wp-json\/wp\/v2\/media?parent=6604"}],"curies":[{"name":"wp","href":"https:\/\/api.w.org\/{rel}","templated":true}]}}