{"id":7029,"date":"2021-06-09T15:15:05","date_gmt":"2021-06-09T13:15:05","guid":{"rendered":"https:\/\/neustadtarchitekten.de\/?page_id=7029"},"modified":"2025-06-18T18:38:59","modified_gmt":"2025-06-18T16:38:59","slug":"nachhaltigkeit","status":"publish","type":"page","link":"https:\/\/neustadtarchitekten.de\/en\/nachhaltigkeit\/","title":{"rendered":"Nachhaltigkeit"},"content":{"rendered":"<div class=\"wpb-content-wrapper\"><div class=\"vc-row-container container\"><div class=\"vc_row wpb_row vc_row-fluid\"><div class=\"wpb_column vc_column_container vc_col-sm-12\"><div class=\"vc_column-inner\"><div class=\"wpb_wrapper\">\n\t<div class=\"wpb_text_column wpb_content_element  post-formatting\" >\n\t\t<div class=\"wpb_wrapper\">\n\t\t\t<p><a class=\"fontstyle0 span-top-btn\" href=\"https:\/\/neustadtarchitekten.de\/en\/bim\/\">BIM<\/a> <a class=\"fontstyle0 span-top-btn\" href=\"https:\/\/neustadtarchitekten.de\/en\/baugemeinschaften\/\">Baugemeinschaften<\/a> <a class=\"fontstyle0 span-top-btn\" href=\"https:\/\/neustadtarchitekten.de\/en\/holzbau\/\">Bauen mit Holz<\/a><\/p>\n\n\t\t<\/div>\n\t<\/div>\n\n\t<div class=\"wpb_text_column wpb_content_element  post-formatting\" >\n\t\t<div class=\"wpb_wrapper\">\n\t\t\t<h1>Nachhaltiges Bauen f\u00e4ngt <u>vor<\/u> der Planung an<\/h1>\n\n\t\t<\/div>\n\t<\/div>\n\n\t<div class=\"wpb_text_column wpb_content_element  lead post-formatting\" >\n\t\t<div class=\"wpb_wrapper\">\n\t\t\t<p>Der Geb\u00e4udesektor ist weltweit f\u00fcr 30% CO<sub>2<\/sub> Aussto\u00df, 30% Ressourceneinsatz und 40% Energieaufwand verantwortlich &#8211; dazu kommen Fl\u00e4chenverbrauch und M\u00fcll. Die Jahre bis 2030 sind entscheidend, um die CO<sub>2 <\/sub>Neutralit\u00e4t aller Geb\u00e4ude zu realisieren und die weitere Erderw\u00e4rmung aufzuhalten.<\/p>\n\n\t\t<\/div>\n\t<\/div>\n\n\t<div class=\"wpb_text_column wpb_content_element  post-formatting\" >\n\t\t<div class=\"wpb_wrapper\">\n\t\t\t<p>Seit 2003 planen wir energieeffiziente Bauvorhaben \u2013 nicht aus einem Trend heraus, sondern aus \u00dcberzeugung. Klimaneutrales oder klimapositives Bauen ist eine gesamtgesellschaftliche Aufgabe und geht weit \u00fcber eine Photovoltaikanlage auf dem Dach hinaus. Gemeinsam mit Ihnen erarbeiten wir ganzheitliche und nachhaltige L\u00f6sungen, die mit Ihrem Projekt harmonieren.<\/p>\n\n\t\t<\/div>\n\t<\/div>\n\n\t<div  class=\"wpb_single_image wpb_content_element vc_align_center\">\n\t\t\n\t\t<figure class=\"wpb_wrapper vc_figure\">\n\t\t\t<div class=\"vc_single_image-wrapper   vc_box_border_grey\"><img loading=\"lazy\" decoding=\"async\" width=\"2000\" height=\"1332\" src=\"https:\/\/neustadtarchitekten.de\/wp-content\/uploads\/2020\/12\/Baugemeinschaft_Meisterweg104_Neustadtarchitekten02.jpg\" class=\"vc_single_image-img attachment-full\" alt=\"Baugemeinschaft Meisterweg 100-104 Neustadtarchitekten\" title=\"Baugemeinschaft_Meisterweg104_Neustadtarchitekten02\" srcset=\"https:\/\/neustadtarchitekten.de\/wp-content\/uploads\/2020\/12\/Baugemeinschaft_Meisterweg104_Neustadtarchitekten02.jpg 2000w, https:\/\/neustadtarchitekten.de\/wp-content\/uploads\/2020\/12\/Baugemeinschaft_Meisterweg104_Neustadtarchitekten02-300x200.jpg 300w, https:\/\/neustadtarchitekten.de\/wp-content\/uploads\/2020\/12\/Baugemeinschaft_Meisterweg104_Neustadtarchitekten02-768x511.jpg 768w, https:\/\/neustadtarchitekten.de\/wp-content\/uploads\/2020\/12\/Baugemeinschaft_Meisterweg104_Neustadtarchitekten02-1024x682.jpg 1024w, https:\/\/neustadtarchitekten.de\/wp-content\/uploads\/2020\/12\/Baugemeinschaft_Meisterweg104_Neustadtarchitekten02-1612x1074.jpg 1612w, https:\/\/neustadtarchitekten.de\/wp-content\/uploads\/2020\/12\/Baugemeinschaft_Meisterweg104_Neustadtarchitekten02-1116x743.jpg 1116w, https:\/\/neustadtarchitekten.de\/wp-content\/uploads\/2020\/12\/Baugemeinschaft_Meisterweg104_Neustadtarchitekten02-806x537.jpg 806w, https:\/\/neustadtarchitekten.de\/wp-content\/uploads\/2020\/12\/Baugemeinschaft_Meisterweg104_Neustadtarchitekten02-558x372.jpg 558w, https:\/\/neustadtarchitekten.de\/wp-content\/uploads\/2020\/12\/Baugemeinschaft_Meisterweg104_Neustadtarchitekten02-655x436.jpg 655w\" sizes=\"auto, (max-width: 2000px) 100vw, 2000px\" \/><\/div><figcaption class=\"vc_figure-caption\">Wohnprojekt Meisterweg \u2013 Suffizienz durch \u201eSchaffung kollektiven Wohnraums f\u00fcr unterschiedliche Lebensentw\u00fcrfe zu g\u00fcnstigen Mieten\u201c<\/figcaption>\n\t\t<\/figure>\n\t<\/div>\n<div class=\"vc_row wpb_row vc_inner vc_row-fluid\"><div class=\"wpb_column vc_column_container vc_col-sm-12\"><div class=\"vc_column-inner\"><div class=\"wpb_wrapper\">\n\t<div class=\"wpb_text_column wpb_content_element  col-sm-8 col-sm-push-2 post-formatting\" >\n\t\t<div class=\"wpb_wrapper\">\n\t\t\t<h2>Ziele des nachhaltigen Planen und Bauens<\/h2>\n<p>Die Themenfelder f\u00fcr jede nachhaltige Planung \u2013 wie Klimaschutz, Umwelt, Suffizienz, zirkul\u00e4re Wertsch\u00f6pfung, positive R\u00e4ume und Baukultur \u2013 beziehen zuk\u00fcnftige Generationen in die Betrachtung mit ein. Intelligente Konzepte, wie Mehrfachnutzung oder flexibel gestaltete Konstruktionen &#8211; ohne aufwendige Umbauten bei \u00c4nderungen \u2013 sind genauso Teil des ressourcenschonenden Planen wie das Mitdenken des R\u00fcckbaus (Cradle to Cradle).<\/p>\n\n\t\t<\/div>\n\t<\/div>\n<\/div><\/div><\/div><\/div><a href=\"#kontakt\" title=\"\" target=\"\" class=\"laborator-btn btn btn-index-1 btn-type-standard  col-sm-push-2 btn-primary btn-normal\">Contact<\/a>\n<\/div><\/div><\/div><\/div><\/div><div class=\"vc-row-container container\"><div class=\"vc_row wpb_row vc_row-fluid vc_custom_1618395278808 vc_row-has-fill\"><div class=\"wpb_column vc_column_container vc_col-sm-12\"><div class=\"vc_column-inner\"><div class=\"wpb_wrapper\">\n\t<div class=\"wpb_text_column wpb_content_element  col-sm-8 col-sm-push-2 serif post-formatting\" >\n\t\t<div class=\"wpb_wrapper\">\n\t\t\t<blockquote><p>\nUnsere optimistische Grundannahme ist, dass jede Person ihren Beitrag zur Erreichung der Klimaschutzziele beitragen kann. Unser B\u00fcro m\u00f6chte durch qualit\u00e4tvolle Planung, ma\u00dfvollen Einsatz von Ressourcen und eine intelligente Haustechnik CO2-reduzierte Geb\u00e4ude &#8211; sei es Neubau oder Umnutzung &#8211; schaffen.\n<\/p><\/blockquote>\n\n\t\t<\/div>\n\t<\/div>\n<\/div><\/div><\/div><\/div><\/div><div class=\"vc-row-container container\"><div class=\"vc_row wpb_row vc_row-fluid vc_custom_1620114666401\"><div class=\"wpb_column vc_column_container vc_col-sm-12\"><div class=\"vc_column-inner\"><div class=\"wpb_wrapper\">\n\t<div class=\"wpb_text_column wpb_content_element  col-sm-8 col-sm-push-2 post-formatting\" >\n\t\t<div class=\"wpb_wrapper\">\n\t\t\t<h2>Was macht nachhaltige Geb\u00e4ude und ihre Planung aus?<\/h2>\n\n\t\t<\/div>\n\t<\/div>\n\n\t<div  class=\"wpb_single_image wpb_content_element vc_align_left   col-sm-8 col-sm-push-2\">\n\t\t\n\t\t<figure class=\"wpb_wrapper vc_figure\">\n\t\t\t<a class=\"\" data-lightbox=\"lightbox[rel-7029-2293660639]\" href=\"https:\/\/neustadtarchitekten.de\/wp-content\/uploads\/2021\/06\/Schaubild-Wa\u0308rme-Strom-1024x576.jpg\" target=\"_self\"><img loading=\"lazy\" decoding=\"async\" width=\"2560\" height=\"1440\" src=\"https:\/\/neustadtarchitekten.de\/wp-content\/uploads\/2021\/06\/Schaubild-Wa\u0308rme-Strom-scaled.jpg\" class=\"vc_single_image-img attachment-full\" alt=\"\" title=\"Schaubild Wa\u0308rme Strom\" srcset=\"https:\/\/neustadtarchitekten.de\/wp-content\/uploads\/2021\/06\/Schaubild-Wa\u0308rme-Strom-scaled.jpg 2560w, https:\/\/neustadtarchitekten.de\/wp-content\/uploads\/2021\/06\/Schaubild-Wa\u0308rme-Strom-300x169.jpg 300w, https:\/\/neustadtarchitekten.de\/wp-content\/uploads\/2021\/06\/Schaubild-Wa\u0308rme-Strom-1024x576.jpg 1024w, https:\/\/neustadtarchitekten.de\/wp-content\/uploads\/2021\/06\/Schaubild-Wa\u0308rme-Strom-768x432.jpg 768w, https:\/\/neustadtarchitekten.de\/wp-content\/uploads\/2021\/06\/Schaubild-Wa\u0308rme-Strom-1536x864.jpg 1536w, https:\/\/neustadtarchitekten.de\/wp-content\/uploads\/2021\/06\/Schaubild-Wa\u0308rme-Strom-2048x1152.jpg 2048w, https:\/\/neustadtarchitekten.de\/wp-content\/uploads\/2021\/06\/Schaubild-Wa\u0308rme-Strom-16x9.jpg 16w, https:\/\/neustadtarchitekten.de\/wp-content\/uploads\/2021\/06\/Schaubild-Wa\u0308rme-Strom-1612x907.jpg 1612w, https:\/\/neustadtarchitekten.de\/wp-content\/uploads\/2021\/06\/Schaubild-Wa\u0308rme-Strom-1116x628.jpg 1116w, https:\/\/neustadtarchitekten.de\/wp-content\/uploads\/2021\/06\/Schaubild-Wa\u0308rme-Strom-806x453.jpg 806w, https:\/\/neustadtarchitekten.de\/wp-content\/uploads\/2021\/06\/Schaubild-Wa\u0308rme-Strom-558x314.jpg 558w, https:\/\/neustadtarchitekten.de\/wp-content\/uploads\/2021\/06\/Schaubild-Wa\u0308rme-Strom-655x368.jpg 655w\" sizes=\"auto, (max-width: 2560px) 100vw, 2560px\" \/><\/a><figcaption class=\"vc_figure-caption\">Abb.: Plusenergiehaus Teichstr. - Schema Energiebilanz klimaneutraler Betrieb<\/figcaption>\n\t\t<\/figure>\n\t<\/div>\n\n\t<div class=\"wpb_text_column wpb_content_element  col-sm-8 col-sm-push-2 post-formatting\" >\n\t\t<div class=\"wpb_wrapper\">\n\t\t\t<ul>\n<li>Suffizienz: Rohstoff- und Energieverbrauch reduzieren (Beispiel: <a href=\"https:\/\/neustadtarchitekten.de\/en\/portfolio\/meisterweg-102\/\">Meisterweg 100-102<\/a>)<\/li>\n<li>sinnvoller und sparsamer Einsatz von schadstofffreien Materialien<\/li>\n<li>\u00d6kobilanzierung f\u00fcr die Bewertung des Treibhauspotential (englisch <em>Global warming potential<\/em>, greenhouse warming potential, GWP)<\/li>\n<li>CO<sub>2<\/sub> Reduktion im Betrieb (bis Klimaneutralit\u00e4t) durch gut ged\u00e4mmte Geb\u00e4udeh\u00fcllen, solare Einstrahlung und intelligente Haustechnik (Beispiel: <a href=\"https:\/\/neustadtarchitekten.de\/en\/portfolio\/teichstrasse\/\">Plusenergiehaus Teichstra\u00dfe<\/a>)<\/li>\n<li>Ganzheitliche Betrachtung des gesamten Lebenszyklus \u2013 heute so konstruieren, dass sp\u00e4ter die Materialien wieder getrennt und weiterverarbeitet werden k\u00f6nnen \u2013 Upcycling!<\/li>\n<\/ul>\n\n\t\t<\/div>\n\t<\/div>\n\n\t<div  class=\"wpb_single_image wpb_content_element vc_align_left   col-sm-8 col-sm-push-2\">\n\t\t\n\t\t<figure class=\"wpb_wrapper vc_figure\">\n\t\t\t<a href=\"http:\/\/neustadtarchitekten.de\/wp-content\/uploads\/2021\/06\/121-19-Teichstrasse-21.06.2019.mp4\" target=\"_blank\" class=\"vc_single_image-wrapper   vc_box_border_grey\"><img loading=\"lazy\" decoding=\"async\" width=\"1200\" height=\"678\" src=\"https:\/\/neustadtarchitekten.de\/wp-content\/uploads\/2021\/06\/sonnenstudie.jpg\" class=\"vc_single_image-img attachment-full\" alt=\"\" title=\"sonnenstudie\" srcset=\"https:\/\/neustadtarchitekten.de\/wp-content\/uploads\/2021\/06\/sonnenstudie.jpg 1200w, https:\/\/neustadtarchitekten.de\/wp-content\/uploads\/2021\/06\/sonnenstudie-300x170.jpg 300w, https:\/\/neustadtarchitekten.de\/wp-content\/uploads\/2021\/06\/sonnenstudie-1024x579.jpg 1024w, https:\/\/neustadtarchitekten.de\/wp-content\/uploads\/2021\/06\/sonnenstudie-768x434.jpg 768w, https:\/\/neustadtarchitekten.de\/wp-content\/uploads\/2021\/06\/sonnenstudie-16x9.jpg 16w, https:\/\/neustadtarchitekten.de\/wp-content\/uploads\/2021\/06\/sonnenstudie-1116x631.jpg 1116w, https:\/\/neustadtarchitekten.de\/wp-content\/uploads\/2021\/06\/sonnenstudie-806x455.jpg 806w, https:\/\/neustadtarchitekten.de\/wp-content\/uploads\/2021\/06\/sonnenstudie-558x315.jpg 558w, https:\/\/neustadtarchitekten.de\/wp-content\/uploads\/2021\/06\/sonnenstudie-655x370.jpg 655w\" sizes=\"auto, (max-width: 1200px) 100vw, 1200px\" \/><\/a><figcaption class=\"vc_figure-caption\">Sonnenstudie - Klick = Link zum Video<\/figcaption>\n\t\t<\/figure>\n\t<\/div>\n<div class=\"vc_separator wpb_content_element vc_separator_align_center vc_sep_width_100 vc_sep_pos_align_center vc_separator_no_text vc_sep_color_white\" ><span class=\"vc_sep_holder vc_sep_holder_l\"><span class=\"vc_sep_line\"><\/span><\/span><span class=\"vc_sep_holder vc_sep_holder_r\"><span class=\"vc_sep_line\"><\/span><\/span>\n<\/div><a href=\"#kontakt\" title=\"\" target=\"\" class=\"laborator-btn btn btn-index-2 btn-type-standard  col-sm-push-2 btn-primary btn-normal\">Contact<\/a>\n<\/div><\/div><\/div><\/div><\/div><div class=\"vc-row-container container\"><\/div><div class=\"vc-row-container container\"><\/div><div class=\"vc-row-container container\"><\/div><div class=\"vc-row-container container\"><div class=\"vc_row wpb_row vc_row-fluid vc_custom_1620111999244 vc_row-has-fill\"><div class=\"wpb_column vc_column_container vc_col-sm-12\"><div class=\"vc_column-inner\"><div class=\"wpb_wrapper\">\n\t<div class=\"wpb_text_column wpb_content_element  vc_custom_1623246476454 col-sm-8 col-sm-push-2 post-formatting\" >\n\t\t<div class=\"wpb_wrapper\">\n\t\t\t<h2>Unsere Expertise<\/h2>\n<p>Unseren Projekten liegen unterschiedliche Schwerpunkte der Nachhaltigkeit zugrunde \u2013 von Suffizienz \u00fcber Klimaneutralit\u00e4t bis zur Holzbauweise. Nicht nur die Digitalisierung f\u00fchrt zu einer Transformation des Bausektors, auch die Nachhaltigkeit selbst bringt tiefgreifende Ver\u00e4nderungen mit sich. Neue digitale Tools, Verkn\u00fcpfungen, Berechnungen und Weiterverwendung des <a href=\"https:\/\/neustadtarchitekten.de\/en\/bim\/\">3D-BIM-Modells<\/a> unterst\u00fctzen die Komplexit\u00e4t der Planung, die durch nachhaltiges Bauen entsteht. Um die ganzheitlichen Ans\u00e4tze zu verwirklichen und die Entwicklungen zu verfolgen, bilden wir uns st\u00e4ndig weiter.<\/p>\n\n\t\t<\/div>\n\t<\/div>\n\n\t<div class=\"wpb_text_column wpb_content_element  col-sm-8 col-sm-push-2 post-formatting\" >\n\t\t<div class=\"wpb_wrapper\">\n\t\t\t<h3>Vortrag im Rahmen der roadshow \u201ePhase Nachhaltigkeit\u201c 27.04.2021 Architektenkammer Hamburg<\/h3>\n\n\t\t<\/div>\n\t<\/div>\n\n\t<div class=\"wpb_video_widget wpb_content_element vc_clearfix  col-sm-8 col-sm-push-2  vc_video-aspect-ratio-169 vc_video-el-width-100 vc_video-align-left\" >\n\t\t<div class=\"wpb_wrapper\">\n\t\t\t\n\t\t\t<div class=\"wpb_video_wrapper\"><span class=\"image-placeholder video\" style=\"padding-bottom:56.25000000%\"><video controls class=\"video-js-el vjs-default-skin vjs-minimal-skin\" width=\"560\" height=\"315\" data-vsetup=\"{&quot;techOrder&quot;:[&quot;youtube&quot;],&quot;sources&quot;:[{&quot;type&quot;:&quot;video\\\/youtube&quot;,&quot;src&quot;:&quot;https:\\\/\\\/youtu.be\\\/Zhv0dBOFwkw&quot;}],&quot;youtube&quot;:{&quot;iv_load_policy&quot;:1,&quot;ytControls&quot;:3,&quot;customVars&quot;:{&quot;wmode&quot;:&quot;transparent&quot;,&quot;controls&quot;:0},&quot;enablePrivacyEnhancedMode&quot;:&quot;true&quot;}}\" preload=\"auto\" playsinline=\"playsinline\"><\/video><\/span><\/div>\n\t\t<\/div>\n\t<\/div>\n<div class=\"wpb_gallery wpb_content_element vc_clearfix  col-sm-8 col-sm-push-2\" ><div class=\"wpb_wrapper\"><div class=\"wpb_gallery_slides wpb_image_grid\" data-interval=\"3\"><ul class=\"wpb_image_grid_ul\"><li class=\"isotope-item\"><a class=\"\" href=\"https:\/\/neustadtarchitekten.de\/wp-content\/uploads\/2021\/06\/Energieeffizienzexperten-80.jpg\" data-lightbox=\"lightbox[rel-7029-1947745819]\"><img decoding=\"async\" class=\"\" src=\"https:\/\/neustadtarchitekten.de\/wp-content\/uploads\/2021\/06\/Energieeffizienzexperten-80-240x240.jpg\" width=\"240\" height=\"240\" alt=\"Energieeffizienzexperten-80\" title=\"Energieeffizienzexperten-80\" loading=\"lazy\" \/><\/a><\/li><li class=\"isotope-item\"><a class=\"\" href=\"https:\/\/neustadtarchitekten.de\/wp-content\/uploads\/2021\/06\/Phase-Nachhaltigkeit-80.jpg\" data-lightbox=\"lightbox[rel-7029-1947745819]\"><img decoding=\"async\" class=\"\" src=\"https:\/\/neustadtarchitekten.de\/wp-content\/uploads\/2021\/06\/Phase-Nachhaltigkeit-80-240x240.jpg\" width=\"240\" height=\"240\" alt=\"Phase-Nachhaltigkeit-80\" title=\"Phase-Nachhaltigkeit-80\" loading=\"lazy\" \/><\/a><\/li><\/ul><\/div><\/div><\/div><\/div><\/div><\/div><\/div><\/div><div class=\"vc-row-container container\"><div id=\"kontakt\" class=\"vc_row wpb_row vc_row-fluid vc_custom_1620113653461 vc_row-has-fill\"><div class=\"wpb_column vc_column_container vc_col-sm-12\"><div class=\"vc_column-inner\"><div class=\"wpb_wrapper\">\n\t<div class=\"wpb_text_column wpb_content_element  col-sm-8 col-sm-push-2 post-formatting\" >\n\t\t<div class=\"wpb_wrapper\">\n\t\t\t<h2>Kontaktieren Sie uns<\/h2>\n\n\t\t<\/div>\n\t<\/div>\n<div class=\"lab-contact-form contact-form  col-sm-8 col-sm-push-2\">\n\n\t<form action=\"\" method=\"post\" class=\"contact-form\" id=\"el_69e7392797560\" data-alerts=\"1\" data-alerts-msg=\"Please fill &quot;%&quot; field.\" data-privacy-error-msg=\"You must check privacy policy checkbox in order to submit the form.\" novalidate data-trp-original-action=\"\">\n\n\t\t<div class=\"row\">\n\n    \t\t<div class=\"col-sm-6\">\n\t\t\t\t<div class=\"form-group labeled-input-row\">\n\t\t\t\t\t\t\t\t\t\t<label for=\"el_69e7392797560_name\">Name:<\/label>\n\t\t\t\t\t\t\t\t\t\t<input name=\"name\" id=\"el_69e7392797560_name\" type=\"text\" placeholder=\"\" data-label=\"Name\">\n\t\t\t\t<\/div>\n    \t\t<\/div>\n\n\t\t\t<div class=\"col-sm-6\">\n\t\t\t\t<div class=\"form-group labeled-input-row\">\n\t\t\t\t\t\t\t\t\t\t<label for=\"el_69e7392797560_email\">E-mail:<\/label>\n\t\t\t\t\t\t\t\t\t\t<input name=\"email\" id=\"el_69e7392797560_email\" type=\"email\" placeholder=\"\" data-label=\"E-mail\">\n\t\t\t\t<\/div>\n\t\t\t<\/div>\n\n\t\t\t\t    \t\t<div class=\"col-sm-12\">\n\t\t\t\t\t<div class=\"form-group labeled-input-row\">\n\t\t\t\t\t\t\t\t\t\t\t\t<label for=\"el_69e7392797560_subject\">Betreff:<\/label>\n\t\t\t\t\t\t\t\t\t\t\t\t<input name=\"subject\" id=\"el_69e7392797560_subject\" type=\"text\" placeholder=\"\" data-label=\"Betreff\">\n\t\t\t\t\t<\/div>\n\t    \t\t<\/div>\n\t\t\t\n\t\t\t<div class=\"col-sm-12\">\n\t\t\t\t<div class=\"form-group labeled-textarea-row\">\n\t\t\t\t\t\t\t\t\t\t<label for=\"el_69e7392797560_message\">Nachricht:<\/label>\n\t\t\t\t\t\t\t\t\t\t<textarea name=\"message\" id=\"el_69e7392797560_message\" placeholder=\"\" data-label=\"Nachricht\"><\/textarea>\n\t\t\t\t<\/div>\n\t\t\t<\/div>\n\n\t\t<\/div><!-- row -->\n\n\t\t\n\t\t\n\t\t<button type=\"submit\" name=\"send\" class=\"button\">\n\t\t\t<span class=\"pre-submit\">Senden<\/span>\n\t\t\t<span class=\"success-msg\">Danke, Ihre Nachricht wurde versendet! <i class=\"flaticon-verification24\"><\/i><\/span>\n\t\t\t<span class=\"loading-bar\">\n\t\t\t\t<span><\/span>\n\t\t\t<\/span>\n\t\t<\/button>\n\n\t<input type=\"hidden\" name=\"trp-form-language\" value=\"en\"\/><\/form>\n\n<\/div><\/div><\/div><\/div><\/div><\/div><div class=\"vc-row-container container\"><div class=\"vc_row wpb_row vc_row-fluid vc_custom_1620112555908\"><div class=\"wpb_column vc_column_container vc_col-sm-12\"><div class=\"vc_column-inner\"><div class=\"wpb_wrapper\">\n\t<div class=\"wpb_text_column wpb_content_element  col-sm-8 col-sm-push-2 post-formatting\" >\n\t\t<div class=\"wpb_wrapper\">\n\t\t\t<h2>Weiterf\u00fchrende Informationen<\/h2>\n<h3>Downloads und Linktipps<\/h3>\n<p><a href=\"http:\/\/www.phase-nachhaltigkeit.jetzt\">www.phase-nachhaltigkeit.jetzt<\/a><\/p>\n<p><a href=\"http:\/\/www.norocketscience.earth\">www.norocketscience.earth<\/a><\/p>\n<p><a href=\"https:\/\/www.dgnb.de\/\">www.dgnb.de<\/a><\/p>\n<h3>Unsere Planungswerkzeuge f\u00fcr nachhaltiges Bauen:<\/h3>\n<ul>\n<li>Plusenergiehaus Konzept<\/li>\n<li>\u00d6kobilanzierung mit \u00d6kobau.dat und eLCA<\/li>\n<li>Geb\u00e4udesimulation sommerlicher W\u00e4rmeschutz<\/li>\n<li>W\u00e4rmebr\u00fcckenberechnung<\/li>\n<li>BEG Berechnung<\/li>\n<\/ul>\n\n\t\t<\/div>\n\t<\/div>\n<\/div><\/div><\/div><\/div><\/div>\n<\/div>","protected":false},"excerpt":{"rendered":"BIM Baugemeinschaften Bauen mit Holz Nachhaltiges Bauen f\u00e4ngt vor der Planung an Der Geb\u00e4udesektor ist weltweit f\u00fcr 30% CO2 Aussto\u00df, 30% Ressourceneinsatz und 40% Energieaufwand verantwortlich - dazu kommen Fl\u00e4chenverbrauch und M\u00fcll. Die Jahre bis 2030 sind entscheidend, um die CO2 Neutralit\u00e4t aller Geb\u00e4ude zu realisieren und die weitere Erderw\u00e4rmung aufzuhalten. Seit 2003 planen wir&hellip;","protected":false},"author":3,"featured_media":0,"parent":0,"menu_order":0,"comment_status":"closed","ping_status":"closed","template":"","meta":{"footnotes":""},"class_list":["post-7029","page","type-page","status-publish","hentry"],"acf":[],"yoast_head":"<!-- This site is optimized with the Yoast SEO plugin v25.3 - https:\/\/yoast.com\/wordpress\/plugins\/seo\/ -->\n<title>Nachhaltiges Bauen - Neustadtarchitekten<\/title>\n<meta name=\"robots\" content=\"index, follow, max-snippet:-1, max-image-preview:large, max-video-preview:-1\" \/>\n<link rel=\"canonical\" href=\"https:\/\/neustadtarchitekten.de\/en\/nachhaltigkeit\/\" \/>\n<meta property=\"og:locale\" content=\"en_US\" \/>\n<meta property=\"og:type\" content=\"article\" \/>\n<meta property=\"og:title\" content=\"Nachhaltiges Bauen - Neustadtarchitekten\" \/>\n<meta property=\"og:url\" content=\"https:\/\/neustadtarchitekten.de\/en\/nachhaltigkeit\/\" \/>\n<meta property=\"og:site_name\" content=\"Neustadtarchitekten\" \/>\n<meta property=\"article:publisher\" content=\"https:\/\/www.facebook.com\/Neustadtarchitekten-282231286044257\" \/>\n<meta property=\"article:modified_time\" content=\"2025-06-18T16:38:59+00:00\" \/>\n<meta name=\"twitter:card\" content=\"summary_large_image\" \/>\n<meta name=\"twitter:label1\" content=\"Est. reading time\" \/>\n\t<meta name=\"twitter:data1\" content=\"5 minutes\" \/>\n<script type=\"application\/ld+json\" class=\"yoast-schema-graph\">{\"@context\":\"https:\/\/schema.org\",\"@graph\":[{\"@type\":\"WebPage\",\"@id\":\"https:\/\/neustadtarchitekten.de\/nachhaltigkeit\/\",\"url\":\"https:\/\/neustadtarchitekten.de\/nachhaltigkeit\/\",\"name\":\"Nachhaltiges Bauen - Neustadtarchitekten\",\"isPartOf\":{\"@id\":\"https:\/\/neustadtarchitekten.de\/#website\"},\"datePublished\":\"2021-06-09T13:15:05+00:00\",\"dateModified\":\"2025-06-18T16:38:59+00:00\",\"breadcrumb\":{\"@id\":\"https:\/\/neustadtarchitekten.de\/nachhaltigkeit\/#breadcrumb\"},\"inLanguage\":\"en-US\",\"potentialAction\":[{\"@type\":\"ReadAction\",\"target\":[\"https:\/\/neustadtarchitekten.de\/nachhaltigkeit\/\"]}]},{\"@type\":\"BreadcrumbList\",\"@id\":\"https:\/\/neustadtarchitekten.de\/nachhaltigkeit\/#breadcrumb\",\"itemListElement\":[{\"@type\":\"ListItem\",\"position\":1,\"name\":\"Startseite\",\"item\":\"https:\/\/neustadtarchitekten.de\/\"},{\"@type\":\"ListItem\",\"position\":2,\"name\":\"Nachhaltigkeit\"}]},{\"@type\":\"WebSite\",\"@id\":\"https:\/\/neustadtarchitekten.de\/#website\",\"url\":\"https:\/\/neustadtarchitekten.de\/\",\"name\":\"Neustadtarchitekten\",\"description\":\"Projekte und Aktuelles aus unserem Architekturb\u00fcro\",\"potentialAction\":[{\"@type\":\"SearchAction\",\"target\":{\"@type\":\"EntryPoint\",\"urlTemplate\":\"https:\/\/neustadtarchitekten.de\/?s={search_term_string}\"},\"query-input\":{\"@type\":\"PropertyValueSpecification\",\"valueRequired\":true,\"valueName\":\"search_term_string\"}}],\"inLanguage\":\"en-US\"}]}<\/script>\n<!-- \/ Yoast SEO plugin. -->","yoast_head_json":{"title":"Nachhaltiges Bauen - Neustadtarchitekten","robots":{"index":"index","follow":"follow","max-snippet":"max-snippet:-1","max-image-preview":"max-image-preview:large","max-video-preview":"max-video-preview:-1"},"canonical":"https:\/\/neustadtarchitekten.de\/en\/nachhaltigkeit\/","og_locale":"en_US","og_type":"article","og_title":"Nachhaltiges Bauen - Neustadtarchitekten","og_url":"https:\/\/neustadtarchitekten.de\/en\/nachhaltigkeit\/","og_site_name":"Neustadtarchitekten","article_publisher":"https:\/\/www.facebook.com\/Neustadtarchitekten-282231286044257","article_modified_time":"2025-06-18T16:38:59+00:00","twitter_card":"summary_large_image","twitter_misc":{"Est. reading time":"5 minutes"},"schema":{"@context":"https:\/\/schema.org","@graph":[{"@type":"WebPage","@id":"https:\/\/neustadtarchitekten.de\/nachhaltigkeit\/","url":"https:\/\/neustadtarchitekten.de\/nachhaltigkeit\/","name":"Nachhaltiges Bauen - Neustadtarchitekten","isPartOf":{"@id":"https:\/\/neustadtarchitekten.de\/#website"},"datePublished":"2021-06-09T13:15:05+00:00","dateModified":"2025-06-18T16:38:59+00:00","breadcrumb":{"@id":"https:\/\/neustadtarchitekten.de\/nachhaltigkeit\/#breadcrumb"},"inLanguage":"en-US","potentialAction":[{"@type":"ReadAction","target":["https:\/\/neustadtarchitekten.de\/nachhaltigkeit\/"]}]},{"@type":"BreadcrumbList","@id":"https:\/\/neustadtarchitekten.de\/nachhaltigkeit\/#breadcrumb","itemListElement":[{"@type":"ListItem","position":1,"name":"Startseite","item":"https:\/\/neustadtarchitekten.de\/"},{"@type":"ListItem","position":2,"name":"Nachhaltigkeit"}]},{"@type":"WebSite","@id":"https:\/\/neustadtarchitekten.de\/#website","url":"https:\/\/neustadtarchitekten.de\/","name":"Neustadtarchitekten","description":"Projekte und Aktuelles aus unserem Architekturb\u00fcro","potentialAction":[{"@type":"SearchAction","target":{"@type":"EntryPoint","urlTemplate":"https:\/\/neustadtarchitekten.de\/?s={search_term_string}"},"query-input":{"@type":"PropertyValueSpecification","valueRequired":true,"valueName":"search_term_string"}}],"inLanguage":"en-US"}]}},"_links":{"self":[{"href":"https:\/\/neustadtarchitekten.de\/en\/wp-json\/wp\/v2\/pages\/7029","targetHints":{"allow":["GET"]}}],"collection":[{"href":"https:\/\/neustadtarchitekten.de\/en\/wp-json\/wp\/v2\/pages"}],"about":[{"href":"https:\/\/neustadtarchitekten.de\/en\/wp-json\/wp\/v2\/types\/page"}],"author":[{"embeddable":true,"href":"https:\/\/neustadtarchitekten.de\/en\/wp-json\/wp\/v2\/users\/3"}],"replies":[{"embeddable":true,"href":"https:\/\/neustadtarchitekten.de\/en\/wp-json\/wp\/v2\/comments?post=7029"}],"version-history":[{"count":32,"href":"https:\/\/neustadtarchitekten.de\/en\/wp-json\/wp\/v2\/pages\/7029\/revisions"}],"predecessor-version":[{"id":8121,"href":"https:\/\/neustadtarchitekten.de\/en\/wp-json\/wp\/v2\/pages\/7029\/revisions\/8121"}],"wp:attachment":[{"href":"https:\/\/neustadtarchitekten.de\/en\/wp-json\/wp\/v2\/media?parent=7029"}],"curies":[{"name":"wp","href":"https:\/\/api.w.org\/{rel}","templated":true}]}}