{"id":7953,"date":"2024-05-31T08:53:45","date_gmt":"2024-05-31T06:53:45","guid":{"rendered":"https:\/\/neustadtarchitekten.de\/?page_id=7953"},"modified":"2025-07-25T08:42:11","modified_gmt":"2025-07-25T06:42:11","slug":"jobs","status":"publish","type":"page","link":"https:\/\/neustadtarchitekten.de\/en\/jobs\/","title":{"rendered":"Jobs"},"content":{"rendered":"<div class=\"wpb-content-wrapper\"><div class=\"vc-row-container container\"><div class=\"vc_row wpb_row vc_row-fluid\"><div class=\"wpb_column vc_column_container vc_col-sm-12\"><div class=\"vc_column-inner\"><div class=\"wpb_wrapper\"><div class=\"section-title\">\n    <h1>Jobs.<\/h1>\n<p>Hier gibt es einen \u00dcberblick \u00fcber unsere aktuellen offenen Stellen<\/p>\n<\/div><\/div><\/div><\/div><\/div><\/div><div class=\"vc-row-container container\"><div class=\"vc_row wpb_row vc_row-fluid vc_custom_1449173593554\"><div class=\"wpb_column vc_column_container vc_col-sm-12\"><div class=\"vc_column-inner\"><div class=\"wpb_wrapper\">\n\t<div class=\"wpb_text_column wpb_content_element  post-formatting\" >\n\t\t<div class=\"wpb_wrapper\">\n\t\t\t<h1><b>Wir suchen engagierte Projektleiter:in in Vollzeit<\/b><\/h1>\n<p>per sofort oder nach Absprache &#8211; Vollzeit<\/p>\n\n\t\t<\/div>\n\t<\/div>\n<\/div><\/div><\/div><\/div><\/div><div class=\"vc-row-container container\"><div class=\"vc_row wpb_row vc_row-fluid vc_custom_1449173593554\"><div class=\"wpb_column vc_column_container vc_col-sm-12\"><div class=\"vc_column-inner\"><div class=\"wpb_wrapper\">\n\t<div class=\"wpb_text_column wpb_content_element  post-formatting\" >\n\t\t<div class=\"wpb_wrapper\">\n\t\t\t<h3>\u00dcber Neustadtarchitekten<\/h3>\n<p>Neustadtarchitekten ist ein in Hamburg-Altona ans\u00e4ssiges Architekturb\u00fcro mit einem engagierten Team. Seit 25 Jahren stehen wir f\u00fcr nachhaltiges und energieeffizientes Bauen &#8211; mit Augenma\u00df. Wir planen gerne f\u00fcr und mit den Menschen vielf\u00e4ltige Lebens- und Arbeitsr\u00e4ume. Wir setzen uns intensiv mit den Themen der Bauwende auseinander und sind motiviert neue Wege einzuschlagen \u2013 sei es im Neubau oder im Bestand.<\/p>\n\n\t\t<\/div>\n\t<\/div>\n<\/div><\/div><\/div><\/div><\/div><div class=\"vc-row-container container\"><div class=\"vc_row wpb_row vc_row-fluid vc_custom_1426246390316\"><div class=\"wpb_column vc_column_container vc_col-sm-12\"><div class=\"vc_column-inner\"><div class=\"wpb_wrapper\">\n\t<div class=\"wpb_text_column wpb_content_element  post-formatting\" >\n\t\t<div class=\"wpb_wrapper\">\n\t\t\t<h3>Deine Aufgaben<\/h3>\n<p>\u2022 eigenverantwortliche Bearbeitung von Projekten &#8211; Wohnungsbau, Kita, Schulbau<br \/>\n\u2022 effiziente Kommunikation und Koordination mit den Planungsbeteiligten<br \/>\n\u2022 eigenst\u00e4ndiges Sich-Erschlie\u00dfen fachspezifischer Themen<br \/>\n\u2022 Leitung von Projekten in den unterschiedlichen Phasen<br \/>\n\u2022 zeichnen und modellieren in ArchiCad gem. B\u00fcrostandard<\/p>\n\n\t\t<\/div>\n\t<\/div>\n<\/div><\/div><\/div><\/div><\/div><div class=\"vc-row-container container\"><div class=\"vc_row wpb_row vc_row-fluid\"><div class=\"wpb_column vc_column_container vc_col-sm-12\"><div class=\"vc_column-inner\"><div class=\"wpb_wrapper\">\n\t<div class=\"wpb_text_column wpb_content_element  post-formatting\" >\n\t\t<div class=\"wpb_wrapper\">\n\t\t\t<h3>Dein Profil<\/h3>\n<p>\u2022 abgeschlossenes Architekturstudium und mindestens 5 Jahre Berufserfahrung<br \/>\n\u2022 Leidenschaft f\u00fcr Architektur<br \/>\n\u2022 vertiefte Kenntnisse in Konstruktion und Materialit\u00e4t<br \/>\n\u2022 Spa\u00df an nachhaltigen Themen wie bspw. zirkul\u00e4res Bauen<br \/>\n\u2022 Teamf\u00e4higkeit, selbstst\u00e4ndiges Arbeiten und Organisationsgeschick<br \/>\n\u2022 gute Kenntnisse in ArchiCAD und 3D Modellierung<br \/>\n\u2022 erste Erfahrung mit der BIM Methode<br \/>\n\u2022 Offenheit f\u00fcr neue digitale Werkzeuge und Prozesse<br \/>\n\u2022 sehr gute Deutschkenntnisse in Wort und Schrift (mind. C1)<\/p>\n\n\t\t<\/div>\n\t<\/div>\n<\/div><\/div><\/div><\/div><\/div><div class=\"vc-row-container container\"><div class=\"vc_row wpb_row vc_row-fluid\"><div class=\"wpb_column vc_column_container vc_col-sm-12\"><div class=\"vc_column-inner\"><div class=\"wpb_wrapper\">\n\t<div class=\"wpb_text_column wpb_content_element  post-formatting\" >\n\t\t<div class=\"wpb_wrapper\">\n\t\t\t<h3>Was wir dir bieten<\/h3>\n<p>\u2022 abwechslungsreiche zukunftsorientierte Planungsaufgaben<br \/>\n\u2022 Anwendung der BIM-Planungsmethode unter der Leitung unseres BIM-Managements<br \/>\n\u2022 ein kollegiales und offenes Team, das sich auf deine Unterst\u00fctzung freut<br \/>\n\u2022 ein positives und kooperatives Arbeitsklima<br \/>\n\u2022 Fortbildungen<br \/>\n\u2022 gut ausgestattete Arbeitspl\u00e4tze mit neuester Software<br \/>\n\u2022 unbefristete Festanstellung<br \/>\n\u2022 flexible Arbeitszeitgestaltung<br \/>\n\u2022 M\u00f6glichkeit des mobilen Arbeitens<\/p>\n\n\t\t<\/div>\n\t<\/div>\n\n\t<div class=\"wpb_text_column wpb_content_element  post-formatting\" >\n\t\t<div class=\"wpb_wrapper\">\n\t\t\t<h3>Dein n\u00e4chster Schritt<\/h3>\n<p>Wir m\u00f6chten uns gerne mit einer Person verst\u00e4rken, die Spa\u00df daran hat, sich aktiv in unser Team mit unseren Schwerpunkten einzubringen. F\u00fchlst du dich angesprochen? Dann sende deine aussagekr\u00e4ftigen Unterlagen an Petra Diesing <a href=\"mailto:mail@neustadtarchitekten.de\">mail@neustadtarchitekten.de<\/a><\/p>\n<p><em>F\u00fcr diese Position laden wir ausschliesslich Kandidatinnen und Kandidaten ein, die sich direkt bei uns bewerben. Aus diesem Grund ber\u00fccksichtigen wir keine Bewerbungen oder Anfragen von Personaldienstleistern. Vielen Dank f\u00fcr das Verst\u00e4ndnis.<\/em><\/p>\n\n\t\t<\/div>\n\t<\/div>\n<\/div><\/div><\/div><\/div><\/div>\n<\/div>","protected":false},"excerpt":{"rendered":"Jobs. Hier gibt es einen \u00dcberblick \u00fcber unsere aktuellen offenen Stellen Wir suchen engagierte Projektleiter:in in Vollzeit per sofort oder nach Absprache - Vollzeit \u00dcber Neustadtarchitekten Neustadtarchitekten ist ein in Hamburg-Altona ans\u00e4ssiges Architekturb\u00fcro mit einem engagierten Team. Seit 25 Jahren stehen wir f\u00fcr nachhaltiges und energieeffizientes Bauen - mit Augenma\u00df. Wir planen gerne f\u00fcr und&hellip;","protected":false},"author":2,"featured_media":0,"parent":0,"menu_order":0,"comment_status":"open","ping_status":"open","template":"","meta":{"footnotes":""},"class_list":["post-7953","page","type-page","status-publish","hentry"],"acf":[],"yoast_head":"<!-- This site is optimized with the Yoast SEO plugin v25.3 - https:\/\/yoast.com\/wordpress\/plugins\/seo\/ -->\n<title>Neustadtarchitekten Architekturb\u00fcro Hamburg Profil<\/title>\n<meta name=\"description\" content=\"Neustadtarchitekten, ein Architekturb\u00fcro in Hamburg plant attraktive Geb\u00e4ude - nachhaltig und energieeffizient mit BIM, gepaart mit innovativer-wirtschaftlicher Bauweise.\" \/>\n<meta name=\"robots\" content=\"index, follow, max-snippet:-1, max-image-preview:large, max-video-preview:-1\" \/>\n<link rel=\"canonical\" href=\"https:\/\/neustadtarchitekten.de\/en\/jobs\/\" \/>\n<meta property=\"og:locale\" content=\"en_US\" \/>\n<meta property=\"og:type\" content=\"article\" \/>\n<meta property=\"og:title\" content=\"Neustadtarchitekten Architekturb\u00fcro Hamburg Profil\" \/>\n<meta property=\"og:description\" content=\"Neustadtarchitekten, ein Architekturb\u00fcro in Hamburg plant attraktive Geb\u00e4ude - nachhaltig und energieeffizient mit BIM, gepaart mit innovativer-wirtschaftlicher Bauweise.\" \/>\n<meta property=\"og:url\" content=\"https:\/\/neustadtarchitekten.de\/en\/jobs\/\" \/>\n<meta property=\"og:site_name\" content=\"Neustadtarchitekten\" \/>\n<meta property=\"article:publisher\" content=\"https:\/\/www.facebook.com\/Neustadtarchitekten-282231286044257\" \/>\n<meta property=\"article:modified_time\" content=\"2025-07-25T06:42:11+00:00\" \/>\n<meta name=\"twitter:card\" content=\"summary_large_image\" \/>\n<meta name=\"twitter:label1\" content=\"Est. reading time\" \/>\n\t<meta name=\"twitter:data1\" content=\"2 minutes\" \/>\n<script type=\"application\/ld+json\" class=\"yoast-schema-graph\">{\"@context\":\"https:\/\/schema.org\",\"@graph\":[{\"@type\":\"WebPage\",\"@id\":\"https:\/\/neustadtarchitekten.de\/jobs\/\",\"url\":\"https:\/\/neustadtarchitekten.de\/jobs\/\",\"name\":\"Neustadtarchitekten Architekturb\u00fcro Hamburg Profil\",\"isPartOf\":{\"@id\":\"https:\/\/neustadtarchitekten.de\/#website\"},\"datePublished\":\"2024-05-31T06:53:45+00:00\",\"dateModified\":\"2025-07-25T06:42:11+00:00\",\"description\":\"Neustadtarchitekten, ein Architekturb\u00fcro in Hamburg plant attraktive Geb\u00e4ude - nachhaltig und energieeffizient mit BIM, gepaart mit innovativer-wirtschaftlicher Bauweise.\",\"breadcrumb\":{\"@id\":\"https:\/\/neustadtarchitekten.de\/jobs\/#breadcrumb\"},\"inLanguage\":\"en-US\",\"potentialAction\":[{\"@type\":\"ReadAction\",\"target\":[\"https:\/\/neustadtarchitekten.de\/jobs\/\"]}]},{\"@type\":\"BreadcrumbList\",\"@id\":\"https:\/\/neustadtarchitekten.de\/jobs\/#breadcrumb\",\"itemListElement\":[{\"@type\":\"ListItem\",\"position\":1,\"name\":\"Startseite\",\"item\":\"https:\/\/neustadtarchitekten.de\/\"},{\"@type\":\"ListItem\",\"position\":2,\"name\":\"Jobs\"}]},{\"@type\":\"WebSite\",\"@id\":\"https:\/\/neustadtarchitekten.de\/#website\",\"url\":\"https:\/\/neustadtarchitekten.de\/\",\"name\":\"Neustadtarchitekten\",\"description\":\"Projekte und Aktuelles aus unserem Architekturb\u00fcro\",\"potentialAction\":[{\"@type\":\"SearchAction\",\"target\":{\"@type\":\"EntryPoint\",\"urlTemplate\":\"https:\/\/neustadtarchitekten.de\/?s={search_term_string}\"},\"query-input\":{\"@type\":\"PropertyValueSpecification\",\"valueRequired\":true,\"valueName\":\"search_term_string\"}}],\"inLanguage\":\"en-US\"}]}<\/script>\n<!-- \/ Yoast SEO plugin. -->","yoast_head_json":{"title":"Neustadtarchitekten Architekturb\u00fcro Hamburg Profil","description":"Neustadtarchitekten, ein Architekturb\u00fcro in Hamburg plant attraktive Geb\u00e4ude - nachhaltig und energieeffizient mit BIM, gepaart mit innovativer-wirtschaftlicher Bauweise.","robots":{"index":"index","follow":"follow","max-snippet":"max-snippet:-1","max-image-preview":"max-image-preview:large","max-video-preview":"max-video-preview:-1"},"canonical":"https:\/\/neustadtarchitekten.de\/en\/jobs\/","og_locale":"en_US","og_type":"article","og_title":"Neustadtarchitekten Architekturb\u00fcro Hamburg Profil","og_description":"Neustadtarchitekten, ein Architekturb\u00fcro in Hamburg plant attraktive Geb\u00e4ude - nachhaltig und energieeffizient mit BIM, gepaart mit innovativer-wirtschaftlicher Bauweise.","og_url":"https:\/\/neustadtarchitekten.de\/en\/jobs\/","og_site_name":"Neustadtarchitekten","article_publisher":"https:\/\/www.facebook.com\/Neustadtarchitekten-282231286044257","article_modified_time":"2025-07-25T06:42:11+00:00","twitter_card":"summary_large_image","twitter_misc":{"Est. reading time":"2 minutes"},"schema":{"@context":"https:\/\/schema.org","@graph":[{"@type":"WebPage","@id":"https:\/\/neustadtarchitekten.de\/jobs\/","url":"https:\/\/neustadtarchitekten.de\/jobs\/","name":"Neustadtarchitekten Architekturb\u00fcro Hamburg Profil","isPartOf":{"@id":"https:\/\/neustadtarchitekten.de\/#website"},"datePublished":"2024-05-31T06:53:45+00:00","dateModified":"2025-07-25T06:42:11+00:00","description":"Neustadtarchitekten, ein Architekturb\u00fcro in Hamburg plant attraktive Geb\u00e4ude - nachhaltig und energieeffizient mit BIM, gepaart mit innovativer-wirtschaftlicher Bauweise.","breadcrumb":{"@id":"https:\/\/neustadtarchitekten.de\/jobs\/#breadcrumb"},"inLanguage":"en-US","potentialAction":[{"@type":"ReadAction","target":["https:\/\/neustadtarchitekten.de\/jobs\/"]}]},{"@type":"BreadcrumbList","@id":"https:\/\/neustadtarchitekten.de\/jobs\/#breadcrumb","itemListElement":[{"@type":"ListItem","position":1,"name":"Startseite","item":"https:\/\/neustadtarchitekten.de\/"},{"@type":"ListItem","position":2,"name":"Jobs"}]},{"@type":"WebSite","@id":"https:\/\/neustadtarchitekten.de\/#website","url":"https:\/\/neustadtarchitekten.de\/","name":"Neustadtarchitekten","description":"Projekte und Aktuelles aus unserem Architekturb\u00fcro","potentialAction":[{"@type":"SearchAction","target":{"@type":"EntryPoint","urlTemplate":"https:\/\/neustadtarchitekten.de\/?s={search_term_string}"},"query-input":{"@type":"PropertyValueSpecification","valueRequired":true,"valueName":"search_term_string"}}],"inLanguage":"en-US"}]}},"_links":{"self":[{"href":"https:\/\/neustadtarchitekten.de\/en\/wp-json\/wp\/v2\/pages\/7953","targetHints":{"allow":["GET"]}}],"collection":[{"href":"https:\/\/neustadtarchitekten.de\/en\/wp-json\/wp\/v2\/pages"}],"about":[{"href":"https:\/\/neustadtarchitekten.de\/en\/wp-json\/wp\/v2\/types\/page"}],"author":[{"embeddable":true,"href":"https:\/\/neustadtarchitekten.de\/en\/wp-json\/wp\/v2\/users\/2"}],"replies":[{"embeddable":true,"href":"https:\/\/neustadtarchitekten.de\/en\/wp-json\/wp\/v2\/comments?post=7953"}],"version-history":[{"count":11,"href":"https:\/\/neustadtarchitekten.de\/en\/wp-json\/wp\/v2\/pages\/7953\/revisions"}],"predecessor-version":[{"id":8135,"href":"https:\/\/neustadtarchitekten.de\/en\/wp-json\/wp\/v2\/pages\/7953\/revisions\/8135"}],"wp:attachment":[{"href":"https:\/\/neustadtarchitekten.de\/en\/wp-json\/wp\/v2\/media?parent=7953"}],"curies":[{"name":"wp","href":"https:\/\/api.w.org\/{rel}","templated":true}]}}